{"id":92635,"date":"2019-07-11T13:52:51","date_gmt":"2019-07-11T13:52:51","guid":{"rendered":"https:\/\/www.3p-gmbh.de\/produkt\/empilhador-de-compensacao-rima-rs-11\/"},"modified":"2019-07-11T13:52:51","modified_gmt":"2019-07-11T13:52:51","slug":"cruzador","status":"publish","type":"product","link":"https:\/\/www.3p-gmbh.de\/pt-br\/produkt\/cruzador\/","title":{"rendered":"Empilhador de compensa\u00e7\u00e3o Rima RS 11"},"content":{"rendered":"<p>O empilhador de compensa\u00e7\u00e3o foi especialmente concebido para o empilhamento atr\u00e1s de m\u00e1quinas de coser a arame mais lentas, encadernadoras, m\u00e1quinas de inser\u00e7\u00e3o e de embalagem.<\/p>\n<ul>\n<li>Contador de produtos<\/li>\n<li>Espessura do produto 1 &#8211; 32 mm<\/li>\n<li>Largura do produto 102 &#8211; 320 mm<\/li>\n<li>Comprimento do produto 152 &#8211; 470 mm<\/li>\n<li>Pot\u00eancia m\u00e1x. 12 000 pcs\/h<\/li>\n<li>Altura m\u00e1xima de empilhamento. 235 mm<\/li>\n<\/ul>\n","protected":false},"excerpt":{"rendered":"<p>O empilhador de compensa\u00e7\u00e3o foi especialmente concebido para o empilhamento atr\u00e1s de m\u00e1quinas de coser a arame mais lentas, encadernadoras, m\u00e1quinas de inser\u00e7\u00e3o e de embalagem. Contador de produtos Espessura do produto 1 &#8211; 32 mm Largura do produto 102 &#8211; 320 mm Comprimento do produto 152 &#8211; 470 mm Pot\u00eancia m\u00e1x. 12 000 pcs\/h [&hellip;]<\/p>\n","protected":false},"featured_media":63927,"template":"","meta":[],"product_brand":[],"product_cat":[3064],"product_tag":[],"class_list":{"0":"post-92635","1":"product","2":"type-product","3":"status-publish","4":"has-post-thumbnail","6":"product_cat-empilhador","7":"pa_baujahr-198","8":"pa_hersteller-rima","9":"pa_typ-rs-11","11":"first","12":"instock","13":"sold-individually","14":"taxable","15":"shipping-taxable","16":"purchasable","17":"product-type-simple"},"jetpack_sharing_enabled":true,"_links":{"self":[{"href":"https:\/\/www.3p-gmbh.de\/pt-br\/wp-json\/wp\/v2\/product\/92635","targetHints":{"allow":["GET"]}}],"collection":[{"href":"https:\/\/www.3p-gmbh.de\/pt-br\/wp-json\/wp\/v2\/product"}],"about":[{"href":"https:\/\/www.3p-gmbh.de\/pt-br\/wp-json\/wp\/v2\/types\/product"}],"wp:featuredmedia":[{"embeddable":true,"href":"https:\/\/www.3p-gmbh.de\/pt-br\/wp-json\/wp\/v2\/media\/63927"}],"wp:attachment":[{"href":"https:\/\/www.3p-gmbh.de\/pt-br\/wp-json\/wp\/v2\/media?parent=92635"}],"wp:term":[{"taxonomy":"product_brand","embeddable":true,"href":"https:\/\/www.3p-gmbh.de\/pt-br\/wp-json\/wp\/v2\/product_brand?post=92635"},{"taxonomy":"product_cat","embeddable":true,"href":"https:\/\/www.3p-gmbh.de\/pt-br\/wp-json\/wp\/v2\/product_cat?post=92635"},{"taxonomy":"product_tag","embeddable":true,"href":"https:\/\/www.3p-gmbh.de\/pt-br\/wp-json\/wp\/v2\/product_tag?post=92635"}],"curies":[{"name":"wp","href":"https:\/\/api.w.org\/{rel}","templated":true}]}}