{"id":92632,"date":"2019-07-11T13:53:00","date_gmt":"2019-07-11T13:53:00","guid":{"rendered":"https:\/\/www.3p-gmbh.de\/produkt\/suporte-para-mudanca-de-toalhas-de-banho-heidelberg-para-sm-52\/"},"modified":"2019-07-11T13:53:00","modified_gmt":"2019-07-11T13:53:00","slug":"suporte-eletrico-para-mudar-a-toalha","status":"publish","type":"product","link":"https:\/\/www.3p-gmbh.de\/pt-br\/produkt\/suporte-eletrico-para-mudar-a-toalha\/","title":{"rendered":"Suporte para mudan\u00e7a de toalhas de banho Heidelberg para SM 52"},"content":{"rendered":"<p>A unidade \u00e9 adequada para a produ\u00e7\u00e3o aut\u00f3noma de panos de lavagem a partir de rolos de 500 metros, por exemplo, Dupont Sontara PrintMaster para Baldwin, Technotrans, lavadoras de panos Elettra at\u00e9 65 cm.<\/p>\n","protected":false},"excerpt":{"rendered":"<p>A unidade \u00e9 adequada para a produ\u00e7\u00e3o aut\u00f3noma de panos de lavagem a partir de rolos de 500 metros, por exemplo, Dupont Sontara PrintMaster para Baldwin, Technotrans, lavadoras de panos Elettra at\u00e9 65 cm.<\/p>\n","protected":false},"featured_media":64239,"template":"","meta":[],"product_brand":[],"product_cat":[2898],"product_tag":[],"class_list":{"0":"post-92632","1":"product","2":"type-product","3":"status-publish","4":"has-post-thumbnail","6":"product_cat-acessorios-e-pecas-sobressalentes-para-prensas","7":"pa_baujahr-127","8":"pa_hersteller-heidelberg","9":"pa_typ-wickelstand-52","11":"first","12":"instock","13":"sold-individually","14":"taxable","15":"shipping-taxable","16":"purchasable","17":"product-type-simple"},"jetpack_sharing_enabled":true,"_links":{"self":[{"href":"https:\/\/www.3p-gmbh.de\/pt-br\/wp-json\/wp\/v2\/product\/92632","targetHints":{"allow":["GET"]}}],"collection":[{"href":"https:\/\/www.3p-gmbh.de\/pt-br\/wp-json\/wp\/v2\/product"}],"about":[{"href":"https:\/\/www.3p-gmbh.de\/pt-br\/wp-json\/wp\/v2\/types\/product"}],"wp:featuredmedia":[{"embeddable":true,"href":"https:\/\/www.3p-gmbh.de\/pt-br\/wp-json\/wp\/v2\/media\/64239"}],"wp:attachment":[{"href":"https:\/\/www.3p-gmbh.de\/pt-br\/wp-json\/wp\/v2\/media?parent=92632"}],"wp:term":[{"taxonomy":"product_brand","embeddable":true,"href":"https:\/\/www.3p-gmbh.de\/pt-br\/wp-json\/wp\/v2\/product_brand?post=92632"},{"taxonomy":"product_cat","embeddable":true,"href":"https:\/\/www.3p-gmbh.de\/pt-br\/wp-json\/wp\/v2\/product_cat?post=92632"},{"taxonomy":"product_tag","embeddable":true,"href":"https:\/\/www.3p-gmbh.de\/pt-br\/wp-json\/wp\/v2\/product_tag?post=92632"}],"curies":[{"name":"wp","href":"https:\/\/api.w.org\/{rel}","templated":true}]}}