{"id":92626,"date":"2019-07-11T13:53:00","date_gmt":"2019-07-11T13:53:00","guid":{"rendered":"https:\/\/www.3p-gmbh.de\/produkt\/entrega-do-fluxo-de-pgf-ergoline\/"},"modified":"2019-07-11T13:53:00","modified_gmt":"2019-07-11T13:53:00","slug":"ecra-alto-escamoso","status":"publish","type":"product","link":"https:\/\/www.3p-gmbh.de\/pt-br\/produkt\/ecra-alto-escamoso\/","title":{"rendered":"Entrega do fluxo de PGF Ergoline"},"content":{"rendered":"<p>O sistema de entrega PGF Ergoline B permite a produ\u00e7\u00e3o por uma s\u00f3 pessoa, mesmo em prensas multicores mais longas. Neste caso, a comodidade para a impressora, a capacidade e a automatiza\u00e7\u00e3o s\u00e3o cruciais.<\/p>\n<p>Fun\u00e7\u00e3o de eje\u00e7\u00e3o r\u00e1pida<br \/>\nUma \u00fanica eje\u00e7\u00e3o antecipada como amostra para verifica\u00e7\u00e3o.<\/p>\n<p>Autostop<br \/>\nParagem e arranque autom\u00e1ticos com a prensa.<\/p>\n<p>Sinal de empilhamento<br \/>\nM\u00f3dulo de comunica\u00e7\u00e3o com o Maxifeeder para o reempilhamento no alimentador.<\/p>\n<p>Altura de trabalho: 85 cm a 105 cm<br \/>\nDimens\u00f5es: Comprimento 155 cm, largura 46 cm, peso 65 kg<\/p>\n","protected":false},"excerpt":{"rendered":"<p>O sistema de entrega PGF Ergoline B permite a produ\u00e7\u00e3o por uma s\u00f3 pessoa, mesmo em prensas multicores mais longas. Neste caso, a comodidade para a impressora, a capacidade e a automatiza\u00e7\u00e3o s\u00e3o cruciais. Fun\u00e7\u00e3o de eje\u00e7\u00e3o r\u00e1pida Uma \u00fanica eje\u00e7\u00e3o antecipada como amostra para verifica\u00e7\u00e3o. Autostop Paragem e arranque autom\u00e1ticos com a prensa. Sinal [&hellip;]<\/p>\n","protected":false},"featured_media":64242,"template":"","meta":[],"product_brand":[],"product_cat":[2919],"product_tag":[],"class_list":{"0":"post-92626","1":"product","2":"type-product","3":"status-publish","4":"has-post-thumbnail","6":"product_cat-despesas","7":"pa_baujahr-205","8":"pa_hersteller-pgf","9":"pa_typ-ergoline-schuppenhochauslage","11":"first","12":"instock","13":"sold-individually","14":"taxable","15":"shipping-taxable","16":"purchasable","17":"product-type-simple"},"jetpack_sharing_enabled":true,"_links":{"self":[{"href":"https:\/\/www.3p-gmbh.de\/pt-br\/wp-json\/wp\/v2\/product\/92626","targetHints":{"allow":["GET"]}}],"collection":[{"href":"https:\/\/www.3p-gmbh.de\/pt-br\/wp-json\/wp\/v2\/product"}],"about":[{"href":"https:\/\/www.3p-gmbh.de\/pt-br\/wp-json\/wp\/v2\/types\/product"}],"wp:featuredmedia":[{"embeddable":true,"href":"https:\/\/www.3p-gmbh.de\/pt-br\/wp-json\/wp\/v2\/media\/64242"}],"wp:attachment":[{"href":"https:\/\/www.3p-gmbh.de\/pt-br\/wp-json\/wp\/v2\/media?parent=92626"}],"wp:term":[{"taxonomy":"product_brand","embeddable":true,"href":"https:\/\/www.3p-gmbh.de\/pt-br\/wp-json\/wp\/v2\/product_brand?post=92626"},{"taxonomy":"product_cat","embeddable":true,"href":"https:\/\/www.3p-gmbh.de\/pt-br\/wp-json\/wp\/v2\/product_cat?post=92626"},{"taxonomy":"product_tag","embeddable":true,"href":"https:\/\/www.3p-gmbh.de\/pt-br\/wp-json\/wp\/v2\/product_tag?post=92626"}],"curies":[{"name":"wp","href":"https:\/\/api.w.org\/{rel}","templated":true}]}}