{"id":92618,"date":"2019-07-11T13:53:00","date_gmt":"2019-07-11T13:53:00","guid":{"rendered":"https:\/\/www.3p-gmbh.de\/produkt\/unidade-de-impressao-heidelberg-para-pm-qm-46\/"},"modified":"2019-07-11T13:53:00","modified_gmt":"2019-07-11T13:53:00","slug":"impressao","status":"publish","type":"product","link":"https:\/\/www.3p-gmbh.de\/pt-br\/produkt\/impressao\/","title":{"rendered":"Unidade de impress\u00e3o Heidelberg para PM\/QM 46"},"content":{"rendered":"<ul>\n<li>para Heidelberg Printmaster ou Quickmaster modelos 46 (vers\u00f5es Plus com acionamento pr\u00e9-equipado)<\/li>\n<li>1 Carrinho de transporte e armazenamento para uma inser\u00e7\u00e3o c\u00f3moda<\/li>\n<li>1 caixa de pintura com rolos de pintura<\/li>\n<li>1 Eixo do numerador<\/li>\n<li>2 bra\u00e7os de interrutor<\/li>\n<li>2 an\u00e9is de assento<\/li>\n<li>2 Unidades de numera\u00e7\u00e3o<\/li>\n<li>2 Portador de clich\u00e9s<\/li>\n<\/ul>\n","protected":false},"excerpt":{"rendered":"<p>para Heidelberg Printmaster ou Quickmaster modelos 46 (vers\u00f5es Plus com acionamento pr\u00e9-equipado) 1 Carrinho de transporte e armazenamento para uma inser\u00e7\u00e3o c\u00f3moda 1 caixa de pintura com rolos de pintura 1 Eixo do numerador 2 bra\u00e7os de interrutor 2 an\u00e9is de assento 2 Unidades de numera\u00e7\u00e3o 2 Portador de clich\u00e9s<\/p>\n","protected":false},"featured_media":64227,"template":"","meta":[],"product_brand":[],"product_cat":[2898],"product_tag":[],"class_list":{"0":"post-92618","1":"product","2":"type-product","3":"status-publish","4":"has-post-thumbnail","6":"product_cat-acessorios-e-pecas-sobressalentes-para-prensas","7":"pa_baujahr-326","8":"pa_hersteller-heidelberg","9":"pa_typ-pm-46-qm-46","11":"first","12":"instock","13":"sold-individually","14":"taxable","15":"shipping-taxable","16":"purchasable","17":"product-type-simple"},"jetpack_sharing_enabled":true,"_links":{"self":[{"href":"https:\/\/www.3p-gmbh.de\/pt-br\/wp-json\/wp\/v2\/product\/92618","targetHints":{"allow":["GET"]}}],"collection":[{"href":"https:\/\/www.3p-gmbh.de\/pt-br\/wp-json\/wp\/v2\/product"}],"about":[{"href":"https:\/\/www.3p-gmbh.de\/pt-br\/wp-json\/wp\/v2\/types\/product"}],"wp:featuredmedia":[{"embeddable":true,"href":"https:\/\/www.3p-gmbh.de\/pt-br\/wp-json\/wp\/v2\/media\/64227"}],"wp:attachment":[{"href":"https:\/\/www.3p-gmbh.de\/pt-br\/wp-json\/wp\/v2\/media?parent=92618"}],"wp:term":[{"taxonomy":"product_brand","embeddable":true,"href":"https:\/\/www.3p-gmbh.de\/pt-br\/wp-json\/wp\/v2\/product_brand?post=92618"},{"taxonomy":"product_cat","embeddable":true,"href":"https:\/\/www.3p-gmbh.de\/pt-br\/wp-json\/wp\/v2\/product_cat?post=92618"},{"taxonomy":"product_tag","embeddable":true,"href":"https:\/\/www.3p-gmbh.de\/pt-br\/wp-json\/wp\/v2\/product_tag?post=92618"}],"curies":[{"name":"wp","href":"https:\/\/api.w.org\/{rel}","templated":true}]}}