{"id":92613,"date":"2019-07-11T13:53:00","date_gmt":"2019-07-11T13:53:00","guid":{"rendered":"https:\/\/www.3p-gmbh.de\/produkt\/sistema-de-acabamento-cito-rsp-para-sm-52\/"},"modified":"2019-07-11T13:53:00","modified_gmt":"2019-07-11T13:53:00","slug":"sistema-de-acabamento-cito-rsp","status":"publish","type":"product","link":"https:\/\/www.3p-gmbh.de\/pt-br\/produkt\/sistema-de-acabamento-cito-rsp\/","title":{"rendered":"Sistema de acabamento Cito RSP para SM-52"},"content":{"rendered":"<p>Vincar, cortar, perfurar e picotar em linha: sem uma m\u00e1quina extra, sem pessoal adicional e sem procedimentos de processamento morosos. O sistema RSP \u00e9 adequado para uma vasta gama de requisitos: para dobragens e perfura\u00e7\u00f5es, para corte e vinco, bem como para vincos exigentes. O sistema RSP \u00e9 a alternativa econ\u00f3mica e r\u00e1pida ao cl\u00e1ssico processamento posterior dos seus produtos e oferece-lhe as seguintes vantagens adicionais:<\/p>\n<ul>\n<li>Pel\u00edcula stand-up reutiliz\u00e1vel e arquiv\u00e1vel<\/li>\n<li>Troca r\u00e1pida na prensa para trabalhos de impress\u00e3o sucessivos<\/li>\n<li>Alta qualidade devido \u00e0 possibilidade de ajuste do registo<\/li>\n<\/ul>\n","protected":false},"excerpt":{"rendered":"<p>Vincar, cortar, perfurar e picotar em linha: sem uma m\u00e1quina extra, sem pessoal adicional e sem procedimentos de processamento morosos. O sistema RSP \u00e9 adequado para uma vasta gama de requisitos: para dobragens e perfura\u00e7\u00f5es, para corte e vinco, bem como para vincos exigentes. O sistema RSP \u00e9 a alternativa econ\u00f3mica e r\u00e1pida ao cl\u00e1ssico [&hellip;]<\/p>\n","protected":false},"featured_media":64212,"template":"","meta":[],"product_brand":[],"product_cat":[2898],"product_tag":[],"class_list":{"0":"post-92613","1":"product","2":"type-product","3":"status-publish","4":"has-post-thumbnail","6":"product_cat-acessorios-e-pecas-sobressalentes-para-prensas","7":"pa_baujahr-168","8":"pa_hersteller-cito","9":"pa_typ-citosystem-sm-52-dk","11":"first","12":"instock","13":"sold-individually","14":"taxable","15":"shipping-taxable","16":"purchasable","17":"product-type-simple"},"jetpack_sharing_enabled":true,"_links":{"self":[{"href":"https:\/\/www.3p-gmbh.de\/pt-br\/wp-json\/wp\/v2\/product\/92613","targetHints":{"allow":["GET"]}}],"collection":[{"href":"https:\/\/www.3p-gmbh.de\/pt-br\/wp-json\/wp\/v2\/product"}],"about":[{"href":"https:\/\/www.3p-gmbh.de\/pt-br\/wp-json\/wp\/v2\/types\/product"}],"wp:featuredmedia":[{"embeddable":true,"href":"https:\/\/www.3p-gmbh.de\/pt-br\/wp-json\/wp\/v2\/media\/64212"}],"wp:attachment":[{"href":"https:\/\/www.3p-gmbh.de\/pt-br\/wp-json\/wp\/v2\/media?parent=92613"}],"wp:term":[{"taxonomy":"product_brand","embeddable":true,"href":"https:\/\/www.3p-gmbh.de\/pt-br\/wp-json\/wp\/v2\/product_brand?post=92613"},{"taxonomy":"product_cat","embeddable":true,"href":"https:\/\/www.3p-gmbh.de\/pt-br\/wp-json\/wp\/v2\/product_cat?post=92613"},{"taxonomy":"product_tag","embeddable":true,"href":"https:\/\/www.3p-gmbh.de\/pt-br\/wp-json\/wp\/v2\/product_tag?post=92613"}],"curies":[{"name":"wp","href":"https:\/\/api.w.org\/{rel}","templated":true}]}}