{"id":92595,"date":"2019-07-11T13:51:48","date_gmt":"2019-07-11T13:51:48","guid":{"rendered":"https:\/\/www.3p-gmbh.de\/produkt\/maquina-de-cintar-cyklop-ampag-sprint\/"},"modified":"2019-07-11T13:51:48","modified_gmt":"2019-07-11T13:51:48","slug":"maquina-de-cintar","status":"publish","type":"product","link":"https:\/\/www.3p-gmbh.de\/pt-br\/produkt\/maquina-de-cintar\/","title":{"rendered":"M\u00e1quina de cintar Cyklop Ampag Sprint"},"content":{"rendered":"<ul>\n<li>largura da correia ajustada 9mm<\/li>\n<li>Capacidade de pacotes (pacotes\/min): 48<\/li>\n<li>Min. Comprimento da embalagem (mm): sem limite<\/li>\n<li>M\u00e1ximo. Comprimento da embalagem (mm): sem limite<\/li>\n<li>Min. Largura da embalagem (mm): 100<\/li>\n<li>M\u00e1ximo. Largura da embalagem (mm): 600<\/li>\n<li>Min. Altura da embalagem (mm): 500<\/li>\n<li>M\u00e1ximo. Altura da embalagem (mm): 600<\/li>\n<li>M\u00e1ximo. Peso da embalagem (kg): 30<\/li>\n<li>Largura da unidade 125 cm<\/li>\n<\/ul>\n","protected":false},"excerpt":{"rendered":"<p>largura da correia ajustada 9mm Capacidade de pacotes (pacotes\/min): 48 Min. Comprimento da embalagem (mm): sem limite M\u00e1ximo. Comprimento da embalagem (mm): sem limite Min. Largura da embalagem (mm): 100 M\u00e1ximo. Largura da embalagem (mm): 600 Min. Altura da embalagem (mm): 500 M\u00e1ximo. Altura da embalagem (mm): 600 M\u00e1ximo. Peso da embalagem (kg): 30 Largura [&hellip;]<\/p>\n","protected":false},"featured_media":62856,"template":"","meta":[],"product_brand":[],"product_cat":[3004],"product_tag":[],"class_list":{"0":"post-92595","1":"product","2":"type-product","3":"status-publish","4":"has-post-thumbnail","6":"product_cat-maquinas-de-cintar","7":"pa_baujahr-158","8":"pa_hersteller-ampag","9":"pa_typ-cyklop-ampag-sprint","11":"first","12":"instock","13":"sold-individually","14":"taxable","15":"shipping-taxable","16":"purchasable","17":"product-type-simple"},"jetpack_sharing_enabled":true,"_links":{"self":[{"href":"https:\/\/www.3p-gmbh.de\/pt-br\/wp-json\/wp\/v2\/product\/92595","targetHints":{"allow":["GET"]}}],"collection":[{"href":"https:\/\/www.3p-gmbh.de\/pt-br\/wp-json\/wp\/v2\/product"}],"about":[{"href":"https:\/\/www.3p-gmbh.de\/pt-br\/wp-json\/wp\/v2\/types\/product"}],"wp:featuredmedia":[{"embeddable":true,"href":"https:\/\/www.3p-gmbh.de\/pt-br\/wp-json\/wp\/v2\/media\/62856"}],"wp:attachment":[{"href":"https:\/\/www.3p-gmbh.de\/pt-br\/wp-json\/wp\/v2\/media?parent=92595"}],"wp:term":[{"taxonomy":"product_brand","embeddable":true,"href":"https:\/\/www.3p-gmbh.de\/pt-br\/wp-json\/wp\/v2\/product_brand?post=92595"},{"taxonomy":"product_cat","embeddable":true,"href":"https:\/\/www.3p-gmbh.de\/pt-br\/wp-json\/wp\/v2\/product_cat?post=92595"},{"taxonomy":"product_tag","embeddable":true,"href":"https:\/\/www.3p-gmbh.de\/pt-br\/wp-json\/wp\/v2\/product_tag?post=92595"}],"curies":[{"name":"wp","href":"https:\/\/api.w.org\/{rel}","templated":true}]}}