{"id":92562,"date":"2019-07-11T13:52:01","date_gmt":"2019-07-11T13:52:01","guid":{"rendered":"https:\/\/www.3p-gmbh.de\/produkt\/maquina-de-embalagem-automatica-pfankuch-vp-4502-opp\/"},"modified":"2019-07-11T13:52:01","modified_gmt":"2019-07-11T13:52:01","slug":"opp-embalagens-de-papel-de-aluminio-para-produtos-planos","status":"publish","type":"product","link":"https:\/\/www.3p-gmbh.de\/pt-br\/produkt\/opp-embalagens-de-papel-de-aluminio-para-produtos-planos\/","title":{"rendered":"M\u00e1quina de embalagem autom\u00e1tica Pfankuch VP-4502 OPP"},"content":{"rendered":"<p>A embalagem em pel\u00edcula OPP \u00e9 utilizada para produtos planos de v\u00e1rias formas e formatos (cart\u00f5es telef\u00f3nicos, cart\u00f5es de felicita\u00e7\u00f5es, registos, autocolantes, etiquetas). A conce\u00e7\u00e3o modular da m\u00e1quina permite a integra\u00e7\u00e3o, a liga\u00e7\u00e3o e o reequipamento de uma grande variedade de elementos de uma forma flex\u00edvel, de modo a acompanhar a evolu\u00e7\u00e3o das necessidades dos clientes.<\/p>\n<ul>\n<li>Desempenho dos ciclos at\u00e9 100 ciclos por via (consoante o produto)<\/li>\n<li>Formatos: Cart\u00e3o de cr\u00e9dito at\u00e9 A4<\/li>\n<li>Esta\u00e7\u00e3o de transfer\u00eancia ST 450<\/li>\n<\/ul>\n","protected":false},"excerpt":{"rendered":"<p>A embalagem em pel\u00edcula OPP \u00e9 utilizada para produtos planos de v\u00e1rias formas e formatos (cart\u00f5es telef\u00f3nicos, cart\u00f5es de felicita\u00e7\u00f5es, registos, autocolantes, etiquetas). A conce\u00e7\u00e3o modular da m\u00e1quina permite a integra\u00e7\u00e3o, a liga\u00e7\u00e3o e o reequipamento de uma grande variedade de elementos de uma forma flex\u00edvel, de modo a acompanhar a evolu\u00e7\u00e3o das necessidades dos [&hellip;]<\/p>\n","protected":false},"featured_media":71505,"template":"","meta":[],"product_brand":[],"product_cat":[3026],"product_tag":[],"class_list":{"0":"post-92562","1":"product","2":"type-product","3":"status-publish","4":"has-post-thumbnail","6":"product_cat-embalagem-de-pelicula-e-embaladora-extensivel","7":"pa_baujahr-205","8":"pa_hersteller-pfankuch-solutions-gmbh","9":"pa_typ-pfankuch-vp-4502-mit-uebergabestation-st","11":"first","12":"instock","13":"sold-individually","14":"taxable","15":"shipping-taxable","16":"purchasable","17":"product-type-simple"},"jetpack_sharing_enabled":true,"_links":{"self":[{"href":"https:\/\/www.3p-gmbh.de\/pt-br\/wp-json\/wp\/v2\/product\/92562","targetHints":{"allow":["GET"]}}],"collection":[{"href":"https:\/\/www.3p-gmbh.de\/pt-br\/wp-json\/wp\/v2\/product"}],"about":[{"href":"https:\/\/www.3p-gmbh.de\/pt-br\/wp-json\/wp\/v2\/types\/product"}],"wp:featuredmedia":[{"embeddable":true,"href":"https:\/\/www.3p-gmbh.de\/pt-br\/wp-json\/wp\/v2\/media\/71505"}],"wp:attachment":[{"href":"https:\/\/www.3p-gmbh.de\/pt-br\/wp-json\/wp\/v2\/media?parent=92562"}],"wp:term":[{"taxonomy":"product_brand","embeddable":true,"href":"https:\/\/www.3p-gmbh.de\/pt-br\/wp-json\/wp\/v2\/product_brand?post=92562"},{"taxonomy":"product_cat","embeddable":true,"href":"https:\/\/www.3p-gmbh.de\/pt-br\/wp-json\/wp\/v2\/product_cat?post=92562"},{"taxonomy":"product_tag","embeddable":true,"href":"https:\/\/www.3p-gmbh.de\/pt-br\/wp-json\/wp\/v2\/product_tag?post=92562"}],"curies":[{"name":"wp","href":"https:\/\/api.w.org\/{rel}","templated":true}]}}