{"id":92560,"date":"2019-07-11T13:51:55","date_gmt":"2019-07-11T13:51:55","guid":{"rendered":"https:\/\/www.3p-gmbh.de\/produkt\/agrupador-de-mesas-busch-tb-24-i\/"},"modified":"2019-07-11T13:51:55","modified_gmt":"2019-07-11T13:51:55","slug":"tischbuendler","status":"publish","type":"product","link":"https:\/\/www.3p-gmbh.de\/pt-br\/produkt\/tischbuendler\/","title":{"rendered":"Agrupador de mesas Busch TB 24-I"},"content":{"rendered":"<p>O papel kraft revestido (castanho ou branco) ou a pel\u00edcula de polipropileno transparente s\u00e3o utilizados como material de embalagem. A m\u00e1quina est\u00e1 equipada com visor digital, visor de erros e controlo eletr\u00f3nico da temperatura.<\/p>\n<ul>\n<li>Op\u00e7\u00f5es de funcionamento: Acionamento de um ciclo atrav\u00e9s de bot\u00e3o de press\u00e3o, acionamento de um ciclo atrav\u00e9s de pedal, acionamento autom\u00e1tico atrav\u00e9s de sensor<\/li>\n<li>Material da embalagem: Papel kraft revestido, pel\u00edcula de polipropileno (PP)<\/li>\n<li>Largura da correia 50mm ou 30mm (duas unidades dispon\u00edveis)<\/li>\n<li>Comprimento do rolo 150 m para papel kraft, 200 m para pel\u00edcula<\/li>\n<li>Rendimento da m\u00e1quina 20 &#8211; 25 ciclos\/min.<\/li>\n<li>M\u00e1ximo. Dimens\u00e3o das mercadorias agrupadas 240 mm de largura para o agrupamento de papel, 180 mm para o agrupamento de pel\u00edcula<\/li>\n<li>Altura das mercadorias agrupadas 150 mm, comprimento ilimitado<\/li>\n<\/ul>\n","protected":false},"excerpt":{"rendered":"<p>O papel kraft revestido (castanho ou branco) ou a pel\u00edcula de polipropileno transparente s\u00e3o utilizados como material de embalagem. A m\u00e1quina est\u00e1 equipada com visor digital, visor de erros e controlo eletr\u00f3nico da temperatura. Op\u00e7\u00f5es de funcionamento: Acionamento de um ciclo atrav\u00e9s de bot\u00e3o de press\u00e3o, acionamento de um ciclo atrav\u00e9s de pedal, acionamento autom\u00e1tico [&hellip;]<\/p>\n","protected":false},"featured_media":62985,"template":"","meta":[],"product_brand":[],"product_cat":[2859],"product_tag":[],"class_list":{"0":"post-92560","1":"product","2":"type-product","3":"status-publish","4":"has-post-thumbnail","6":"product_cat-maquinas-de-banderoling","7":"pa_baujahr-205","8":"pa_hersteller-gerhard-busch","9":"pa_typ-tb-24-i","11":"first","12":"instock","13":"sold-individually","14":"taxable","15":"shipping-taxable","16":"purchasable","17":"product-type-simple"},"jetpack_sharing_enabled":true,"_links":{"self":[{"href":"https:\/\/www.3p-gmbh.de\/pt-br\/wp-json\/wp\/v2\/product\/92560","targetHints":{"allow":["GET"]}}],"collection":[{"href":"https:\/\/www.3p-gmbh.de\/pt-br\/wp-json\/wp\/v2\/product"}],"about":[{"href":"https:\/\/www.3p-gmbh.de\/pt-br\/wp-json\/wp\/v2\/types\/product"}],"wp:featuredmedia":[{"embeddable":true,"href":"https:\/\/www.3p-gmbh.de\/pt-br\/wp-json\/wp\/v2\/media\/62985"}],"wp:attachment":[{"href":"https:\/\/www.3p-gmbh.de\/pt-br\/wp-json\/wp\/v2\/media?parent=92560"}],"wp:term":[{"taxonomy":"product_brand","embeddable":true,"href":"https:\/\/www.3p-gmbh.de\/pt-br\/wp-json\/wp\/v2\/product_brand?post=92560"},{"taxonomy":"product_cat","embeddable":true,"href":"https:\/\/www.3p-gmbh.de\/pt-br\/wp-json\/wp\/v2\/product_cat?post=92560"},{"taxonomy":"product_tag","embeddable":true,"href":"https:\/\/www.3p-gmbh.de\/pt-br\/wp-json\/wp\/v2\/product_tag?post=92560"}],"curies":[{"name":"wp","href":"https:\/\/api.w.org\/{rel}","templated":true}]}}