{"id":92556,"date":"2019-07-11T13:51:55","date_gmt":"2019-07-11T13:51:55","guid":{"rendered":"https:\/\/www.3p-gmbh.de\/produkt\/prisma-01c3-comparacao-e-controlo-de-peso\/"},"modified":"2019-07-11T13:51:55","modified_gmt":"2019-07-11T13:51:55","slug":"controlo-de-peso-comparativo-com-ejetor","status":"publish","type":"product","link":"https:\/\/www.3p-gmbh.de\/pt-br\/produkt\/controlo-de-peso-comparativo-com-ejetor\/","title":{"rendered":"Prisma 01C3 Compara\u00e7\u00e3o e controlo de peso"},"content":{"rendered":"<ul>\n<li>Comparador din\u00e2mico e controlador de peso com m\u00f3dulo de eje\u00e7\u00e3o e impressora de controlos<\/li>\n<li>Gama de medi\u00e7\u00e3o 0-600 g<\/li>\n<li>Velocidade 100m\/min.<\/li>\n<li>Precis\u00e3o +\/- 0,1 grama<\/li>\n<li>Dimens\u00f5es: aprox. 1,2 m x 1 m x 1,5 m<\/li>\n<\/ul>\n","protected":false},"excerpt":{"rendered":"<p>Comparador din\u00e2mico e controlador de peso com m\u00f3dulo de eje\u00e7\u00e3o e impressora de controlos Gama de medi\u00e7\u00e3o 0-600 g Velocidade 100m\/min. Precis\u00e3o +\/- 0,1 grama Dimens\u00f5es: aprox. 1,2 m x 1 m x 1,5 m<\/p>\n","protected":false},"featured_media":63009,"template":"","meta":[],"product_brand":[],"product_cat":[3017,3069],"product_tag":[],"class_list":{"0":"post-92556","1":"product","2":"type-product","3":"status-publish","4":"has-post-thumbnail","6":"product_cat-maquinas-de-corte","7":"product_cat-mesas-vibratorias","8":"pa_baujahr-209","9":"pa_hersteller-prisma-industriale","10":"pa_typ-prisma-01c3","12":"first","13":"instock","14":"sold-individually","15":"taxable","16":"shipping-taxable","17":"purchasable","18":"product-type-simple"},"jetpack_sharing_enabled":true,"_links":{"self":[{"href":"https:\/\/www.3p-gmbh.de\/pt-br\/wp-json\/wp\/v2\/product\/92556","targetHints":{"allow":["GET"]}}],"collection":[{"href":"https:\/\/www.3p-gmbh.de\/pt-br\/wp-json\/wp\/v2\/product"}],"about":[{"href":"https:\/\/www.3p-gmbh.de\/pt-br\/wp-json\/wp\/v2\/types\/product"}],"wp:featuredmedia":[{"embeddable":true,"href":"https:\/\/www.3p-gmbh.de\/pt-br\/wp-json\/wp\/v2\/media\/63009"}],"wp:attachment":[{"href":"https:\/\/www.3p-gmbh.de\/pt-br\/wp-json\/wp\/v2\/media?parent=92556"}],"wp:term":[{"taxonomy":"product_brand","embeddable":true,"href":"https:\/\/www.3p-gmbh.de\/pt-br\/wp-json\/wp\/v2\/product_brand?post=92556"},{"taxonomy":"product_cat","embeddable":true,"href":"https:\/\/www.3p-gmbh.de\/pt-br\/wp-json\/wp\/v2\/product_cat?post=92556"},{"taxonomy":"product_tag","embeddable":true,"href":"https:\/\/www.3p-gmbh.de\/pt-br\/wp-json\/wp\/v2\/product_tag?post=92556"}],"curies":[{"name":"wp","href":"https:\/\/api.w.org\/{rel}","templated":true}]}}