{"id":92541,"date":"2019-07-11T13:52:01","date_gmt":"2019-07-11T13:52:01","guid":{"rendered":"https:\/\/www.3p-gmbh.de\/produkt\/sistema-de-embalagem-de-sacos-de-ar-fill-air-150\/"},"modified":"2019-07-11T13:52:01","modified_gmt":"2019-07-11T13:52:01","slug":"sistema-de-embalagem-de-sacos-de-ar","status":"publish","type":"product","link":"https:\/\/www.3p-gmbh.de\/pt-br\/produkt\/sistema-de-embalagem-de-sacos-de-ar\/","title":{"rendered":"Sistema de embalagem de sacos de ar Fill-Air 150"},"content":{"rendered":"<p>As almofadas de bolhas ou sacos de bolhas destacam-se como um meio de embalagem particularmente limpo e que poupa espa\u00e7o. O sistema de embalagem fornece almofadas cheias de ar a pedido, que proporcionam uma excelente prote\u00e7\u00e3o e um preenchimento eficaz dos espa\u00e7os vazios, reduzindo simultaneamente os custos de material e de expedi\u00e7\u00e3o.<\/p>\n","protected":false},"excerpt":{"rendered":"<p>As almofadas de bolhas ou sacos de bolhas destacam-se como um meio de embalagem particularmente limpo e que poupa espa\u00e7o. O sistema de embalagem fornece almofadas cheias de ar a pedido, que proporcionam uma excelente prote\u00e7\u00e3o e um preenchimento eficaz dos espa\u00e7os vazios, reduzindo simultaneamente os custos de material e de expedi\u00e7\u00e3o.<\/p>\n","protected":false},"featured_media":63108,"template":"","meta":[],"product_brand":[],"product_cat":[3026],"product_tag":[],"class_list":{"0":"post-92541","1":"product","2":"type-product","3":"status-publish","4":"has-post-thumbnail","6":"product_cat-embalagem-de-pelicula-e-embaladora-extensivel","7":"pa_baujahr-188","8":"pa_hersteller-sealed-air-corporation","9":"pa_typ-fill-air-150","11":"first","12":"instock","13":"sold-individually","14":"taxable","15":"shipping-taxable","16":"purchasable","17":"product-type-simple"},"jetpack_sharing_enabled":true,"_links":{"self":[{"href":"https:\/\/www.3p-gmbh.de\/pt-br\/wp-json\/wp\/v2\/product\/92541","targetHints":{"allow":["GET"]}}],"collection":[{"href":"https:\/\/www.3p-gmbh.de\/pt-br\/wp-json\/wp\/v2\/product"}],"about":[{"href":"https:\/\/www.3p-gmbh.de\/pt-br\/wp-json\/wp\/v2\/types\/product"}],"wp:featuredmedia":[{"embeddable":true,"href":"https:\/\/www.3p-gmbh.de\/pt-br\/wp-json\/wp\/v2\/media\/63108"}],"wp:attachment":[{"href":"https:\/\/www.3p-gmbh.de\/pt-br\/wp-json\/wp\/v2\/media?parent=92541"}],"wp:term":[{"taxonomy":"product_brand","embeddable":true,"href":"https:\/\/www.3p-gmbh.de\/pt-br\/wp-json\/wp\/v2\/product_brand?post=92541"},{"taxonomy":"product_cat","embeddable":true,"href":"https:\/\/www.3p-gmbh.de\/pt-br\/wp-json\/wp\/v2\/product_cat?post=92541"},{"taxonomy":"product_tag","embeddable":true,"href":"https:\/\/www.3p-gmbh.de\/pt-br\/wp-json\/wp\/v2\/product_tag?post=92541"}],"curies":[{"name":"wp","href":"https:\/\/api.w.org\/{rel}","templated":true}]}}