{"id":92540,"date":"2019-07-11T13:52:01","date_gmt":"2019-07-11T13:52:01","guid":{"rendered":"https:\/\/www.3p-gmbh.de\/produkt\/agrupador-de-mesas-busch-tb-24-ii\/"},"modified":"2019-07-11T13:52:01","modified_gmt":"2019-07-11T13:52:01","slug":"construtor-de-tabelas-2","status":"publish","type":"product","link":"https:\/\/www.3p-gmbh.de\/pt-br\/produkt\/construtor-de-tabelas-2\/","title":{"rendered":"Agrupador de mesas Busch TB-24 II"},"content":{"rendered":"<ul>\n<li>Material do pacote: papel kraft revestido ou pel\u00edcula de polipropileno transparente<\/li>\n<li>Equipamento com visor digital, indica\u00e7\u00e3o de erros e controlo eletr\u00f3nico da temperatura<\/li>\n<li>Op\u00e7\u00f5es de funcionamento: Acionamento de um ciclo atrav\u00e9s de bot\u00e3o de press\u00e3o, acionamento de um ciclo atrav\u00e9s de pedal ou acionamento autom\u00e1tico atrav\u00e9s de sensor<\/li>\n<li>largura da correia 40mm ou 30mm<\/li>\n<li>Comprimento do rolo para papel kraft 150 m, para pel\u00edcula 200 m<\/li>\n<li>Rendimento da m\u00e1quina 20 &#8211; 25 ciclos\/min.<\/li>\n<li>m\u00e1ximo. Dimens\u00f5es dos produtos agrupados: 240 mm de largura para o agrupamento de papel e 180 mm para o agrupamento de pel\u00edcula, altura 150 mm, comprimento ilimitado<\/li>\n<\/ul>\n","protected":false},"excerpt":{"rendered":"<p>Material do pacote: papel kraft revestido ou pel\u00edcula de polipropileno transparente Equipamento com visor digital, indica\u00e7\u00e3o de erros e controlo eletr\u00f3nico da temperatura Op\u00e7\u00f5es de funcionamento: Acionamento de um ciclo atrav\u00e9s de bot\u00e3o de press\u00e3o, acionamento de um ciclo atrav\u00e9s de pedal ou acionamento autom\u00e1tico atrav\u00e9s de sensor largura da correia 40mm ou 30mm Comprimento [&hellip;]<\/p>\n","protected":false},"featured_media":63105,"template":"","meta":[],"product_brand":[],"product_cat":[2859],"product_tag":[],"class_list":{"0":"post-92540","1":"product","2":"type-product","3":"status-publish","4":"has-post-thumbnail","6":"product_cat-maquinas-de-banderoling","7":"pa_baujahr-140","8":"pa_hersteller-gerhard-busch","9":"pa_typ-tb-24-ii-mit-grossrollenspender-grs","11":"first","12":"instock","13":"sold-individually","14":"taxable","15":"shipping-taxable","16":"purchasable","17":"product-type-simple"},"jetpack_sharing_enabled":true,"_links":{"self":[{"href":"https:\/\/www.3p-gmbh.de\/pt-br\/wp-json\/wp\/v2\/product\/92540","targetHints":{"allow":["GET"]}}],"collection":[{"href":"https:\/\/www.3p-gmbh.de\/pt-br\/wp-json\/wp\/v2\/product"}],"about":[{"href":"https:\/\/www.3p-gmbh.de\/pt-br\/wp-json\/wp\/v2\/types\/product"}],"wp:featuredmedia":[{"embeddable":true,"href":"https:\/\/www.3p-gmbh.de\/pt-br\/wp-json\/wp\/v2\/media\/63105"}],"wp:attachment":[{"href":"https:\/\/www.3p-gmbh.de\/pt-br\/wp-json\/wp\/v2\/media?parent=92540"}],"wp:term":[{"taxonomy":"product_brand","embeddable":true,"href":"https:\/\/www.3p-gmbh.de\/pt-br\/wp-json\/wp\/v2\/product_brand?post=92540"},{"taxonomy":"product_cat","embeddable":true,"href":"https:\/\/www.3p-gmbh.de\/pt-br\/wp-json\/wp\/v2\/product_cat?post=92540"},{"taxonomy":"product_tag","embeddable":true,"href":"https:\/\/www.3p-gmbh.de\/pt-br\/wp-json\/wp\/v2\/product_tag?post=92540"}],"curies":[{"name":"wp","href":"https:\/\/api.w.org\/{rel}","templated":true}]}}