{"id":92537,"date":"2019-07-11T13:52:01","date_gmt":"2019-07-11T13:52:01","guid":{"rendered":"https:\/\/www.3p-gmbh.de\/produkt\/maquina-de-soldar-angular-totalmente-automatica-kallfass-universa-8060-100\/"},"modified":"2019-07-11T13:52:01","modified_gmt":"2019-07-11T13:52:01","slug":"maquina-de-soldar-angulo-totalmente-automatica","status":"publish","type":"product","link":"https:\/\/www.3p-gmbh.de\/pt-br\/produkt\/maquina-de-soldar-angulo-totalmente-automatica\/","title":{"rendered":"M\u00e1quina de soldar angular totalmente autom\u00e1tica Kallfass Universa 8060\/100"},"content":{"rendered":"<ul>\n<li>m\u00e1quina de soldar angular totalmente autom\u00e1tica com alimenta\u00e7\u00e3o de produto em linha e sistema de soldadura aquecido permanentemente e sem manuten\u00e7\u00e3o<\/li>\n<li>Dimens\u00f5es da estrutura de soldadura de 800 x 600 mm<\/li>\n<li>T\u00fanel de retra\u00e7\u00e3o Compact 650 S<\/li>\n<\/ul>\n","protected":false},"excerpt":{"rendered":"<p>m\u00e1quina de soldar angular totalmente autom\u00e1tica com alimenta\u00e7\u00e3o de produto em linha e sistema de soldadura aquecido permanentemente e sem manuten\u00e7\u00e3o Dimens\u00f5es da estrutura de soldadura de 800 x 600 mm T\u00fanel de retra\u00e7\u00e3o Compact 650 S<\/p>\n","protected":false},"featured_media":63126,"template":"","meta":[],"product_brand":[],"product_cat":[3026],"product_tag":[],"class_list":{"0":"post-92537","1":"product","2":"type-product","3":"status-publish","4":"has-post-thumbnail","6":"product_cat-embalagem-de-pelicula-e-embaladora-extensivel","7":"pa_baujahr-123","8":"pa_hersteller-kallfass","9":"pa_typ-universa-8060-100","11":"first","12":"instock","13":"sold-individually","14":"taxable","15":"shipping-taxable","16":"purchasable","17":"product-type-simple"},"jetpack_sharing_enabled":true,"_links":{"self":[{"href":"https:\/\/www.3p-gmbh.de\/pt-br\/wp-json\/wp\/v2\/product\/92537","targetHints":{"allow":["GET"]}}],"collection":[{"href":"https:\/\/www.3p-gmbh.de\/pt-br\/wp-json\/wp\/v2\/product"}],"about":[{"href":"https:\/\/www.3p-gmbh.de\/pt-br\/wp-json\/wp\/v2\/types\/product"}],"wp:featuredmedia":[{"embeddable":true,"href":"https:\/\/www.3p-gmbh.de\/pt-br\/wp-json\/wp\/v2\/media\/63126"}],"wp:attachment":[{"href":"https:\/\/www.3p-gmbh.de\/pt-br\/wp-json\/wp\/v2\/media?parent=92537"}],"wp:term":[{"taxonomy":"product_brand","embeddable":true,"href":"https:\/\/www.3p-gmbh.de\/pt-br\/wp-json\/wp\/v2\/product_brand?post=92537"},{"taxonomy":"product_cat","embeddable":true,"href":"https:\/\/www.3p-gmbh.de\/pt-br\/wp-json\/wp\/v2\/product_cat?post=92537"},{"taxonomy":"product_tag","embeddable":true,"href":"https:\/\/www.3p-gmbh.de\/pt-br\/wp-json\/wp\/v2\/product_tag?post=92537"}],"curies":[{"name":"wp","href":"https:\/\/api.w.org\/{rel}","templated":true}]}}