{"id":92533,"date":"2019-07-11T13:52:01","date_gmt":"2019-07-11T13:52:01","guid":{"rendered":"https:\/\/www.3p-gmbh.de\/produkt\/maquina-de-aplicacao-de-cintas-ats-tanner-ms-420-s\/"},"modified":"2019-07-11T13:52:01","modified_gmt":"2019-07-11T13:52:01","slug":"maquina-de-cintar-3","status":"publish","type":"product","link":"https:\/\/www.3p-gmbh.de\/pt-br\/produkt\/maquina-de-cintar-3\/","title":{"rendered":"M\u00e1quina de aplica\u00e7\u00e3o de cintas ATS Tanner MS 420 S"},"content":{"rendered":"<p>A unidade \u00e9 adequada para produtos sens\u00edveis at\u00e9 ao formato A3, est\u00e1 pronta a funcionar imediatamente e n\u00e3o necessita de qualquer tempo de aquecimento.<\/p>\n<ul>\n<li>Mesa frontal curta para pequenos formatos<\/li>\n<li>Unidade de selagem a quente para fitas de papel e pel\u00edcula<\/li>\n<li>Controlo por microprocessador em conformidade com a CE<\/li>\n<li>Paragem de encomendas<\/li>\n<li>Produ\u00e7\u00e3o de at\u00e9 26 faixas por minuto<\/li>\n<li>Largura de banda 30<\/li>\n<li>El\u00e9trico 230 V\/50 Hz, 115 V\/60 Hz<\/li>\n<li>Consumo de energia aprox. 0,2 kW<\/li>\n<li>Peso 32 kg<\/li>\n<li>Largura 560 mm, profundidade 300 mm, altura 470 mm<\/li>\n<li>Material utilizado: Pel\u00edcula de cintagem, Papel de cintagem, Material de cintagem impresso<\/li>\n<\/ul>\n","protected":false},"excerpt":{"rendered":"<p>A unidade \u00e9 adequada para produtos sens\u00edveis at\u00e9 ao formato A3, est\u00e1 pronta a funcionar imediatamente e n\u00e3o necessita de qualquer tempo de aquecimento. Mesa frontal curta para pequenos formatos Unidade de selagem a quente para fitas de papel e pel\u00edcula Controlo por microprocessador em conformidade com a CE Paragem de encomendas Produ\u00e7\u00e3o de at\u00e9 [&hellip;]<\/p>\n","protected":false},"featured_media":63129,"template":"","meta":[],"product_brand":[],"product_cat":[2859],"product_tag":[],"class_list":{"0":"post-92533","1":"product","2":"type-product","3":"status-publish","4":"has-post-thumbnail","6":"product_cat-maquinas-de-banderoling","7":"pa_baujahr-137","8":"pa_hersteller-uchida-ats-tanner","9":"pa_typ-ats-ms-420-s","11":"first","12":"instock","13":"sold-individually","14":"taxable","15":"shipping-taxable","16":"purchasable","17":"product-type-simple"},"jetpack_sharing_enabled":true,"_links":{"self":[{"href":"https:\/\/www.3p-gmbh.de\/pt-br\/wp-json\/wp\/v2\/product\/92533","targetHints":{"allow":["GET"]}}],"collection":[{"href":"https:\/\/www.3p-gmbh.de\/pt-br\/wp-json\/wp\/v2\/product"}],"about":[{"href":"https:\/\/www.3p-gmbh.de\/pt-br\/wp-json\/wp\/v2\/types\/product"}],"wp:featuredmedia":[{"embeddable":true,"href":"https:\/\/www.3p-gmbh.de\/pt-br\/wp-json\/wp\/v2\/media\/63129"}],"wp:attachment":[{"href":"https:\/\/www.3p-gmbh.de\/pt-br\/wp-json\/wp\/v2\/media?parent=92533"}],"wp:term":[{"taxonomy":"product_brand","embeddable":true,"href":"https:\/\/www.3p-gmbh.de\/pt-br\/wp-json\/wp\/v2\/product_brand?post=92533"},{"taxonomy":"product_cat","embeddable":true,"href":"https:\/\/www.3p-gmbh.de\/pt-br\/wp-json\/wp\/v2\/product_cat?post=92533"},{"taxonomy":"product_tag","embeddable":true,"href":"https:\/\/www.3p-gmbh.de\/pt-br\/wp-json\/wp\/v2\/product_tag?post=92533"}],"curies":[{"name":"wp","href":"https:\/\/api.w.org\/{rel}","templated":true}]}}