{"id":92525,"date":"2019-07-11T13:52:01","date_gmt":"2019-07-11T13:52:01","guid":{"rendered":"https:\/\/www.3p-gmbh.de\/produkt\/embaladora-hugo-beck-da-serie-sx-1750\/"},"modified":"2019-07-11T13:52:01","modified_gmt":"2019-07-11T13:52:01","slug":"empacotador-de-serie-2","status":"publish","type":"product","link":"https:\/\/www.3p-gmbh.de\/pt-br\/produkt\/empacotador-de-serie-2\/","title":{"rendered":"Embaladora Hugo Beck da s\u00e9rie SX 1750"},"content":{"rendered":"<ul>\n<li>Gama de trabalho ajust\u00e1vel de 170 a 500 mm (quando se utiliza um tapete de alimenta\u00e7\u00e3o de 150 mm de largura)<\/li>\n<li>m\u00e1ximo. Altura da embalagem at\u00e9 100 mm, dependendo do tipo, formato e qualidade da pel\u00edcula do produto<\/li>\n<li>Comprimento do produto vari\u00e1vel sem ajuste<\/li>\n<\/ul>\n","protected":false},"excerpt":{"rendered":"<p>Gama de trabalho ajust\u00e1vel de 170 a 500 mm (quando se utiliza um tapete de alimenta\u00e7\u00e3o de 150 mm de largura) m\u00e1ximo. Altura da embalagem at\u00e9 100 mm, dependendo do tipo, formato e qualidade da pel\u00edcula do produto Comprimento do produto vari\u00e1vel sem ajuste<\/p>\n","protected":false},"featured_media":63078,"template":"","meta":[],"product_brand":[],"product_cat":[3026],"product_tag":[],"class_list":{"0":"post-92525","1":"product","2":"type-product","3":"status-publish","4":"has-post-thumbnail","6":"product_cat-embalagem-de-pelicula-e-embaladora-extensivel","7":"pa_baujahr-168","8":"pa_hersteller-beck","9":"pa_typ-sx-1750","11":"first","12":"instock","13":"sold-individually","14":"taxable","15":"shipping-taxable","16":"purchasable","17":"product-type-simple"},"jetpack_sharing_enabled":true,"_links":{"self":[{"href":"https:\/\/www.3p-gmbh.de\/pt-br\/wp-json\/wp\/v2\/product\/92525","targetHints":{"allow":["GET"]}}],"collection":[{"href":"https:\/\/www.3p-gmbh.de\/pt-br\/wp-json\/wp\/v2\/product"}],"about":[{"href":"https:\/\/www.3p-gmbh.de\/pt-br\/wp-json\/wp\/v2\/types\/product"}],"wp:featuredmedia":[{"embeddable":true,"href":"https:\/\/www.3p-gmbh.de\/pt-br\/wp-json\/wp\/v2\/media\/63078"}],"wp:attachment":[{"href":"https:\/\/www.3p-gmbh.de\/pt-br\/wp-json\/wp\/v2\/media?parent=92525"}],"wp:term":[{"taxonomy":"product_brand","embeddable":true,"href":"https:\/\/www.3p-gmbh.de\/pt-br\/wp-json\/wp\/v2\/product_brand?post=92525"},{"taxonomy":"product_cat","embeddable":true,"href":"https:\/\/www.3p-gmbh.de\/pt-br\/wp-json\/wp\/v2\/product_cat?post=92525"},{"taxonomy":"product_tag","embeddable":true,"href":"https:\/\/www.3p-gmbh.de\/pt-br\/wp-json\/wp\/v2\/product_tag?post=92525"}],"curies":[{"name":"wp","href":"https:\/\/api.w.org\/{rel}","templated":true}]}}