{"id":92518,"date":"2019-07-11T13:52:01","date_gmt":"2019-07-11T13:52:01","guid":{"rendered":"https:\/\/www.3p-gmbh.de\/produkt\/weileder-k-p-4255-unidade-de-retracao-da-capota\/"},"modified":"2019-07-11T13:52:01","modified_gmt":"2019-07-11T13:52:01","slug":"dispositivo-de-retracao-da-tampa-do-compartimento-do-motor","status":"publish","type":"product","link":"https:\/\/www.3p-gmbh.de\/pt-br\/produkt\/dispositivo-de-retracao-da-tampa-do-compartimento-do-motor\/","title":{"rendered":"Weileder K-P 4255 Unidade de retra\u00e7\u00e3o da capota"},"content":{"rendered":"<p>O encolhedor compacto com tampa garante um bom desempenho de embalagem, est\u00e1 rapidamente pronto para trabalhar e pode ser facilmente operado por uma pessoa. As mercadorias embaladas s\u00e3o colocadas na mesa de trabalho numa pel\u00edcula semi-tubular e na grelha de suporte sob a tampa de cobertura. Ao fechar a tampa do compartimento do motor, \u00e9 efectuada a soldadura de separa\u00e7\u00e3o e, se desejado, o encolhimento. A unidade est\u00e1 equipada com um suporte de produto regul\u00e1vel em altura, um dispositivo de perfura\u00e7\u00e3o, um controlo de temperatura, um controlo eletr\u00f3nico do tempo de soldadura e de retra\u00e7\u00e3o e um painel de controlo digital.<\/p>\n<ul>\n<li>Capacidade de embalagem aprox. 300 \/ h<\/li>\n<li>Pel\u00edculas aplic\u00e1veis (meio tubo): POF \/ PP \/ PE \/ PVC<\/li>\n<li>Estrutura de soldadura 420 x 550 mm<\/li>\n<li>Altura m\u00e1xima do produto. 250 mm<\/li>\n<li>Largura m\u00e1xima do rolo. 600 mm<\/li>\n<li>Di\u00e2metro m\u00e1ximo do rolo 250 mm<\/li>\n<li>Altura de trabalho 960 mm<\/li>\n<li>Pot\u00eancia do motor 3,7 KW<\/li>\n<li>Liga\u00e7\u00e3o el\u00e9ctrica 230 V<\/li>\n<li>Prote\u00e7\u00e3o por fus\u00edvel LS-Automat, 1p, B16A<\/li>\n<li>Consumo de energia aprox. 1,6 &#8211; 2,3 kWh<\/li>\n<\/ul>\n","protected":false},"excerpt":{"rendered":"<p>O encolhedor compacto com tampa garante um bom desempenho de embalagem, est\u00e1 rapidamente pronto para trabalhar e pode ser facilmente operado por uma pessoa. As mercadorias embaladas s\u00e3o colocadas na mesa de trabalho numa pel\u00edcula semi-tubular e na grelha de suporte sob a tampa de cobertura. Ao fechar a tampa do compartimento do motor, \u00e9 [&hellip;]<\/p>\n","protected":false},"featured_media":63042,"template":"","meta":[],"product_brand":[],"product_cat":[3026],"product_tag":[],"class_list":{"0":"post-92518","1":"product","2":"type-product","3":"status-publish","4":"has-post-thumbnail","6":"product_cat-embalagem-de-pelicula-e-embaladora-extensivel","7":"pa_baujahr-127","8":"pa_hersteller-weileder","9":"pa_typ-k-p-4255","11":"first","12":"instock","13":"sold-individually","14":"taxable","15":"shipping-taxable","16":"purchasable","17":"product-type-simple"},"jetpack_sharing_enabled":true,"_links":{"self":[{"href":"https:\/\/www.3p-gmbh.de\/pt-br\/wp-json\/wp\/v2\/product\/92518","targetHints":{"allow":["GET"]}}],"collection":[{"href":"https:\/\/www.3p-gmbh.de\/pt-br\/wp-json\/wp\/v2\/product"}],"about":[{"href":"https:\/\/www.3p-gmbh.de\/pt-br\/wp-json\/wp\/v2\/types\/product"}],"wp:featuredmedia":[{"embeddable":true,"href":"https:\/\/www.3p-gmbh.de\/pt-br\/wp-json\/wp\/v2\/media\/63042"}],"wp:attachment":[{"href":"https:\/\/www.3p-gmbh.de\/pt-br\/wp-json\/wp\/v2\/media?parent=92518"}],"wp:term":[{"taxonomy":"product_brand","embeddable":true,"href":"https:\/\/www.3p-gmbh.de\/pt-br\/wp-json\/wp\/v2\/product_brand?post=92518"},{"taxonomy":"product_cat","embeddable":true,"href":"https:\/\/www.3p-gmbh.de\/pt-br\/wp-json\/wp\/v2\/product_cat?post=92518"},{"taxonomy":"product_tag","embeddable":true,"href":"https:\/\/www.3p-gmbh.de\/pt-br\/wp-json\/wp\/v2\/product_tag?post=92518"}],"curies":[{"name":"wp","href":"https:\/\/api.w.org\/{rel}","templated":true}]}}