{"id":92517,"date":"2019-07-11T13:52:01","date_gmt":"2019-07-11T13:52:01","guid":{"rendered":"https:\/\/www.3p-gmbh.de\/produkt\/empacotador-da-serie-hugo-beck-s-17-32-5\/"},"modified":"2019-07-11T13:52:01","modified_gmt":"2019-07-11T13:52:01","slug":"embalador-em-serie","status":"publish","type":"product","link":"https:\/\/www.3p-gmbh.de\/pt-br\/produkt\/embalador-em-serie\/","title":{"rendered":"Empacotador da s\u00e9rie Hugo Beck S 17-32.5"},"content":{"rendered":"<ul>\n<li>Entrada da correia ajust\u00e1vel de 170 -320 mm<\/li>\n<li>T\u00fanel de retra\u00e7\u00e3o HV 400<\/li>\n<\/ul>\n","protected":false},"excerpt":{"rendered":"<p>Entrada da correia ajust\u00e1vel de 170 -320 mm T\u00fanel de retra\u00e7\u00e3o HV 400<\/p>\n","protected":false},"featured_media":63060,"template":"","meta":[],"product_brand":[],"product_cat":[3026],"product_tag":[],"class_list":{"0":"post-92517","1":"product","2":"type-product","3":"status-publish","4":"has-post-thumbnail","6":"product_cat-embalagem-de-pelicula-e-embaladora-extensivel","7":"pa_baujahr-221","8":"pa_hersteller-beck","9":"pa_typ-s-17-32-5-hv-400","11":"first","12":"instock","13":"sold-individually","14":"taxable","15":"shipping-taxable","16":"purchasable","17":"product-type-simple"},"jetpack_sharing_enabled":true,"_links":{"self":[{"href":"https:\/\/www.3p-gmbh.de\/pt-br\/wp-json\/wp\/v2\/product\/92517","targetHints":{"allow":["GET"]}}],"collection":[{"href":"https:\/\/www.3p-gmbh.de\/pt-br\/wp-json\/wp\/v2\/product"}],"about":[{"href":"https:\/\/www.3p-gmbh.de\/pt-br\/wp-json\/wp\/v2\/types\/product"}],"wp:featuredmedia":[{"embeddable":true,"href":"https:\/\/www.3p-gmbh.de\/pt-br\/wp-json\/wp\/v2\/media\/63060"}],"wp:attachment":[{"href":"https:\/\/www.3p-gmbh.de\/pt-br\/wp-json\/wp\/v2\/media?parent=92517"}],"wp:term":[{"taxonomy":"product_brand","embeddable":true,"href":"https:\/\/www.3p-gmbh.de\/pt-br\/wp-json\/wp\/v2\/product_brand?post=92517"},{"taxonomy":"product_cat","embeddable":true,"href":"https:\/\/www.3p-gmbh.de\/pt-br\/wp-json\/wp\/v2\/product_cat?post=92517"},{"taxonomy":"product_tag","embeddable":true,"href":"https:\/\/www.3p-gmbh.de\/pt-br\/wp-json\/wp\/v2\/product_tag?post=92517"}],"curies":[{"name":"wp","href":"https:\/\/api.w.org\/{rel}","templated":true}]}}