{"id":92516,"date":"2019-07-11T13:52:11","date_gmt":"2019-07-11T13:52:11","guid":{"rendered":"https:\/\/www.3p-gmbh.de\/produkt\/impressora-offset-monocromatica-heidelberg-gto-46\/"},"modified":"2019-07-11T13:52:11","modified_gmt":"2019-07-11T13:52:11","slug":"maquina-de-impressao-offset-a-uma-cor-2","status":"publish","type":"product","link":"https:\/\/www.3p-gmbh.de\/pt-br\/produkt\/maquina-de-impressao-offset-a-uma-cor-2\/","title":{"rendered":"Impressora offset monocrom\u00e1tica Heidelberg GTO 46"},"content":{"rendered":"<ul>\n<li>Vers\u00e3o menos<\/li>\n<li>42 milh\u00f5es de folhas<\/li>\n<li>Formato 32 x 46 cm<\/li>\n<li>Verniz Compac Humidade<\/li>\n<li>Registo Bacher<\/li>\n<li>Acess\u00f3rios standard<\/li>\n<\/ul>\n","protected":false},"excerpt":{"rendered":"<p>Vers\u00e3o menos 42 milh\u00f5es de folhas Formato 32 x 46 cm Verniz Compac Humidade Registo Bacher Acess\u00f3rios standard<\/p>\n","protected":false},"featured_media":63276,"template":"","meta":[],"product_brand":[],"product_cat":[3105],"product_tag":[],"class_list":{"0":"post-92516","1":"product","2":"type-product","3":"status-publish","4":"has-post-thumbnail","6":"product_cat-folha-de-papel-offset-1-cor","7":"pa_baujahr-269","8":"pa_hersteller-heidelberg","9":"pa_typ-gto-46-minus","11":"first","12":"instock","13":"sold-individually","14":"taxable","15":"shipping-taxable","16":"purchasable","17":"product-type-simple"},"jetpack_sharing_enabled":true,"_links":{"self":[{"href":"https:\/\/www.3p-gmbh.de\/pt-br\/wp-json\/wp\/v2\/product\/92516","targetHints":{"allow":["GET"]}}],"collection":[{"href":"https:\/\/www.3p-gmbh.de\/pt-br\/wp-json\/wp\/v2\/product"}],"about":[{"href":"https:\/\/www.3p-gmbh.de\/pt-br\/wp-json\/wp\/v2\/types\/product"}],"wp:featuredmedia":[{"embeddable":true,"href":"https:\/\/www.3p-gmbh.de\/pt-br\/wp-json\/wp\/v2\/media\/63276"}],"wp:attachment":[{"href":"https:\/\/www.3p-gmbh.de\/pt-br\/wp-json\/wp\/v2\/media?parent=92516"}],"wp:term":[{"taxonomy":"product_brand","embeddable":true,"href":"https:\/\/www.3p-gmbh.de\/pt-br\/wp-json\/wp\/v2\/product_brand?post=92516"},{"taxonomy":"product_cat","embeddable":true,"href":"https:\/\/www.3p-gmbh.de\/pt-br\/wp-json\/wp\/v2\/product_cat?post=92516"},{"taxonomy":"product_tag","embeddable":true,"href":"https:\/\/www.3p-gmbh.de\/pt-br\/wp-json\/wp\/v2\/product_tag?post=92516"}],"curies":[{"name":"wp","href":"https:\/\/api.w.org\/{rel}","templated":true}]}}