{"id":92503,"date":"2019-07-11T13:52:11","date_gmt":"2019-07-11T13:52:11","guid":{"rendered":"https:\/\/www.3p-gmbh.de\/produkt\/impressora-offset-monocromatica-heidelberg-gto-52\/"},"modified":"2019-07-11T13:52:11","modified_gmt":"2019-07-11T13:52:11","slug":"maquina-de-impressao-offset-a-uma-cor","status":"publish","type":"product","link":"https:\/\/www.3p-gmbh.de\/pt-br\/produkt\/maquina-de-impressao-offset-a-uma-cor\/","title":{"rendered":"Impressora offset monocrom\u00e1tica Heidelberg GTO 52"},"content":{"rendered":"<ul>\n<li>Vers\u00e3o Plus<\/li>\n<li>cerca de 38 milh\u00f5es de folhas<\/li>\n<li>Formato 36 x 52 cm<\/li>\n<li>humidade normal<\/li>\n<li>Acess\u00f3rios standard<\/li>\n<li>Carrinho de entrega<\/li>\n<li>Espanador de p\u00f3<\/li>\n<\/ul>\n","protected":false},"excerpt":{"rendered":"<p>Vers\u00e3o Plus cerca de 38 milh\u00f5es de folhas Formato 36 x 52 cm humidade normal Acess\u00f3rios standard Carrinho de entrega Espanador de p\u00f3<\/p>\n","protected":false},"featured_media":63264,"template":"","meta":[],"product_brand":[],"product_cat":[3105],"product_tag":[],"class_list":{"0":"post-92503","1":"product","2":"type-product","3":"status-publish","4":"has-post-thumbnail","6":"product_cat-folha-de-papel-offset-1-cor","7":"pa_baujahr-262","8":"pa_hersteller-heidelberg","9":"pa_typ-gto-52-plus","11":"first","12":"instock","13":"sold-individually","14":"taxable","15":"shipping-taxable","16":"purchasable","17":"product-type-simple"},"jetpack_sharing_enabled":true,"_links":{"self":[{"href":"https:\/\/www.3p-gmbh.de\/pt-br\/wp-json\/wp\/v2\/product\/92503","targetHints":{"allow":["GET"]}}],"collection":[{"href":"https:\/\/www.3p-gmbh.de\/pt-br\/wp-json\/wp\/v2\/product"}],"about":[{"href":"https:\/\/www.3p-gmbh.de\/pt-br\/wp-json\/wp\/v2\/types\/product"}],"wp:featuredmedia":[{"embeddable":true,"href":"https:\/\/www.3p-gmbh.de\/pt-br\/wp-json\/wp\/v2\/media\/63264"}],"wp:attachment":[{"href":"https:\/\/www.3p-gmbh.de\/pt-br\/wp-json\/wp\/v2\/media?parent=92503"}],"wp:term":[{"taxonomy":"product_brand","embeddable":true,"href":"https:\/\/www.3p-gmbh.de\/pt-br\/wp-json\/wp\/v2\/product_brand?post=92503"},{"taxonomy":"product_cat","embeddable":true,"href":"https:\/\/www.3p-gmbh.de\/pt-br\/wp-json\/wp\/v2\/product_cat?post=92503"},{"taxonomy":"product_tag","embeddable":true,"href":"https:\/\/www.3p-gmbh.de\/pt-br\/wp-json\/wp\/v2\/product_tag?post=92503"}],"curies":[{"name":"wp","href":"https:\/\/api.w.org\/{rel}","templated":true}]}}