{"id":92490,"date":"2019-07-11T13:52:17","date_gmt":"2019-07-11T13:52:17","guid":{"rendered":"https:\/\/www.3p-gmbh.de\/produkt\/impressora-offset-a-duas-cores-roland-practica-prz-00\/"},"modified":"2019-07-11T13:52:17","modified_gmt":"2019-07-11T13:52:17","slug":"bicolor-5","status":"publish","type":"product","link":"https:\/\/www.3p-gmbh.de\/pt-br\/produkt\/bicolor-5\/","title":{"rendered":"Impressora offset a duas cores Roland Practica PRZ 00"},"content":{"rendered":"<ul>\n<li>Ano de fabrico 1999<\/li>\n<li>Leitura do contador 25 milh\u00f5es de impress\u00f5es<\/li>\n<li>Torneamento com cilindro grande (circunfer\u00eancia dupla) 1\/1 &#8211; 2\/0<\/li>\n<li>Investidor Mabeg<\/li>\n<li>Facas coloridas rectificadas a laser<\/li>\n<li>Carrinho de entrega<\/li>\n<li>Documenta\u00e7\u00e3o e ferramentas padr\u00e3o<\/li>\n<\/ul>\n","protected":false},"excerpt":{"rendered":"<p>Ano de fabrico 1999 Leitura do contador 25 milh\u00f5es de impress\u00f5es Torneamento com cilindro grande (circunfer\u00eancia dupla) 1\/1 &#8211; 2\/0 Investidor Mabeg Facas coloridas rectificadas a laser Carrinho de entrega Documenta\u00e7\u00e3o e ferramentas padr\u00e3o<\/p>\n","protected":false},"featured_media":63399,"template":"","meta":[],"product_brand":[],"product_cat":[3075],"product_tag":[],"class_list":{"0":"post-92490","1":"product","2":"type-product","3":"status-publish","4":"has-post-thumbnail","6":"product_cat-folha-de-papel-offset-a-2-cores","7":"pa_baujahr-158","8":"pa_hersteller-edelmann-roland","9":"pa_typ-practica-prz-00","11":"first","12":"instock","13":"sold-individually","14":"taxable","15":"shipping-taxable","16":"purchasable","17":"product-type-simple"},"jetpack_sharing_enabled":true,"_links":{"self":[{"href":"https:\/\/www.3p-gmbh.de\/pt-br\/wp-json\/wp\/v2\/product\/92490","targetHints":{"allow":["GET"]}}],"collection":[{"href":"https:\/\/www.3p-gmbh.de\/pt-br\/wp-json\/wp\/v2\/product"}],"about":[{"href":"https:\/\/www.3p-gmbh.de\/pt-br\/wp-json\/wp\/v2\/types\/product"}],"wp:featuredmedia":[{"embeddable":true,"href":"https:\/\/www.3p-gmbh.de\/pt-br\/wp-json\/wp\/v2\/media\/63399"}],"wp:attachment":[{"href":"https:\/\/www.3p-gmbh.de\/pt-br\/wp-json\/wp\/v2\/media?parent=92490"}],"wp:term":[{"taxonomy":"product_brand","embeddable":true,"href":"https:\/\/www.3p-gmbh.de\/pt-br\/wp-json\/wp\/v2\/product_brand?post=92490"},{"taxonomy":"product_cat","embeddable":true,"href":"https:\/\/www.3p-gmbh.de\/pt-br\/wp-json\/wp\/v2\/product_cat?post=92490"},{"taxonomy":"product_tag","embeddable":true,"href":"https:\/\/www.3p-gmbh.de\/pt-br\/wp-json\/wp\/v2\/product_tag?post=92490"}],"curies":[{"name":"wp","href":"https:\/\/api.w.org\/{rel}","templated":true}]}}