{"id":92481,"date":"2019-07-11T13:52:17","date_gmt":"2019-07-11T13:52:17","guid":{"rendered":"https:\/\/www.3p-gmbh.de\/produkt\/impressora-offset-a-duas-cores-heidelberg-sm-52-2-p\/"},"modified":"2019-07-11T13:52:17","modified_gmt":"2019-07-11T13:52:17","slug":"mestre-da-velocidade","status":"publish","type":"product","link":"https:\/\/www.3p-gmbh.de\/pt-br\/produkt\/mestre-da-velocidade\/","title":{"rendered":"Impressora offset a duas cores Heidelberg SM 52-2-P"},"content":{"rendered":"<ul>\n<li>Formato 37 x 52 cm<\/li>\n<li>CP-Tronic<\/li>\n<li>el. Controlo da marca de tra\u00e7\u00e3o<\/li>\n<li>Controlo da balan\u00e7a<\/li>\n<li>Desioniza\u00e7\u00e3o Eltex na alimenta\u00e7\u00e3o e entrega<\/li>\n<li>Vers\u00e3o Plus<\/li>\n<li>Tornar 1\/1 ou 2\/0 colorido<\/li>\n<li>Alcolor V com Variosystem<\/li>\n<\/ul>\n","protected":false},"excerpt":{"rendered":"<p>Formato 37 x 52 cm CP-Tronic el. Controlo da marca de tra\u00e7\u00e3o Controlo da balan\u00e7a Desioniza\u00e7\u00e3o Eltex na alimenta\u00e7\u00e3o e entrega Vers\u00e3o Plus Tornar 1\/1 ou 2\/0 colorido Alcolor V com Variosystem<\/p>\n","protected":false},"featured_media":63384,"template":"","meta":[],"product_brand":[],"product_cat":[3075],"product_tag":[],"class_list":{"0":"post-92481","1":"product","2":"type-product","3":"status-publish","4":"has-post-thumbnail","6":"product_cat-folha-de-papel-offset-a-2-cores","7":"pa_baujahr-168","8":"pa_hersteller-heidelberg","9":"pa_typ-sm-52-2-p","11":"first","12":"instock","13":"sold-individually","14":"taxable","15":"shipping-taxable","16":"purchasable","17":"product-type-simple"},"jetpack_sharing_enabled":true,"_links":{"self":[{"href":"https:\/\/www.3p-gmbh.de\/pt-br\/wp-json\/wp\/v2\/product\/92481","targetHints":{"allow":["GET"]}}],"collection":[{"href":"https:\/\/www.3p-gmbh.de\/pt-br\/wp-json\/wp\/v2\/product"}],"about":[{"href":"https:\/\/www.3p-gmbh.de\/pt-br\/wp-json\/wp\/v2\/types\/product"}],"wp:featuredmedia":[{"embeddable":true,"href":"https:\/\/www.3p-gmbh.de\/pt-br\/wp-json\/wp\/v2\/media\/63384"}],"wp:attachment":[{"href":"https:\/\/www.3p-gmbh.de\/pt-br\/wp-json\/wp\/v2\/media?parent=92481"}],"wp:term":[{"taxonomy":"product_brand","embeddable":true,"href":"https:\/\/www.3p-gmbh.de\/pt-br\/wp-json\/wp\/v2\/product_brand?post=92481"},{"taxonomy":"product_cat","embeddable":true,"href":"https:\/\/www.3p-gmbh.de\/pt-br\/wp-json\/wp\/v2\/product_cat?post=92481"},{"taxonomy":"product_tag","embeddable":true,"href":"https:\/\/www.3p-gmbh.de\/pt-br\/wp-json\/wp\/v2\/product_tag?post=92481"}],"curies":[{"name":"wp","href":"https:\/\/api.w.org\/{rel}","templated":true}]}}