{"id":92479,"date":"2019-07-11T13:52:17","date_gmt":"2019-07-11T13:52:17","guid":{"rendered":"https:\/\/www.3p-gmbh.de\/produkt\/maquina-de-impressao-continua-a-duas-cores-ryobi-985-cf\/"},"modified":"2019-07-11T13:52:17","modified_gmt":"2019-07-11T13:52:17","slug":"bicolor-infinito-pacote-a-pacote","status":"publish","type":"product","link":"https:\/\/www.3p-gmbh.de\/pt-br\/produkt\/bicolor-infinito-pacote-a-pacote\/","title":{"rendered":"M\u00e1quina de impress\u00e3o cont\u00ednua a duas cores Ryobi 985 CF"},"content":{"rendered":"<ul>\n<li>Impressora cont\u00ednua offset Pack-to-Pack com agrupador de pilhas Jacob Rotalok<\/li>\n<li>m\u00e1ximo. Formato 127 x 355,6 mm<\/li>\n<li>Obras de amortecimento de Moleton<\/li>\n<\/ul>\n","protected":false},"excerpt":{"rendered":"<p>Impressora cont\u00ednua offset Pack-to-Pack com agrupador de pilhas Jacob Rotalok m\u00e1ximo. Formato 127 x 355,6 mm Obras de amortecimento de Moleton<\/p>\n","protected":false},"featured_media":63348,"template":"","meta":[],"product_brand":[],"product_cat":[3075],"product_tag":[],"class_list":{"0":"post-92479","1":"product","2":"type-product","3":"status-publish","4":"has-post-thumbnail","6":"product_cat-folha-de-papel-offset-a-2-cores","7":"pa_baujahr-272","8":"pa_hersteller-itek-ryobi","9":"pa_typ-ryobi-985-cf","11":"first","12":"instock","13":"sold-individually","14":"taxable","15":"shipping-taxable","16":"purchasable","17":"product-type-simple"},"jetpack_sharing_enabled":true,"_links":{"self":[{"href":"https:\/\/www.3p-gmbh.de\/pt-br\/wp-json\/wp\/v2\/product\/92479","targetHints":{"allow":["GET"]}}],"collection":[{"href":"https:\/\/www.3p-gmbh.de\/pt-br\/wp-json\/wp\/v2\/product"}],"about":[{"href":"https:\/\/www.3p-gmbh.de\/pt-br\/wp-json\/wp\/v2\/types\/product"}],"wp:featuredmedia":[{"embeddable":true,"href":"https:\/\/www.3p-gmbh.de\/pt-br\/wp-json\/wp\/v2\/media\/63348"}],"wp:attachment":[{"href":"https:\/\/www.3p-gmbh.de\/pt-br\/wp-json\/wp\/v2\/media?parent=92479"}],"wp:term":[{"taxonomy":"product_brand","embeddable":true,"href":"https:\/\/www.3p-gmbh.de\/pt-br\/wp-json\/wp\/v2\/product_brand?post=92479"},{"taxonomy":"product_cat","embeddable":true,"href":"https:\/\/www.3p-gmbh.de\/pt-br\/wp-json\/wp\/v2\/product_cat?post=92479"},{"taxonomy":"product_tag","embeddable":true,"href":"https:\/\/www.3p-gmbh.de\/pt-br\/wp-json\/wp\/v2\/product_tag?post=92479"}],"curies":[{"name":"wp","href":"https:\/\/api.w.org\/{rel}","templated":true}]}}