{"id":92475,"date":"2019-07-11T13:52:17","date_gmt":"2019-07-11T13:52:17","guid":{"rendered":"https:\/\/www.3p-gmbh.de\/produkt\/impressora-offset-a-duas-cores-heidelberg-gtoz-46\/"},"modified":"2019-07-11T13:52:17","modified_gmt":"2019-07-11T13:52:17","slug":"bicolor-2","status":"publish","type":"product","link":"https:\/\/www.3p-gmbh.de\/pt-br\/produkt\/bicolor-2\/","title":{"rendered":"Impressora offset a duas cores Heidelberg GTOZ-46"},"content":{"rendered":"<ul>\n<li>incl. Unidade de recorte para numera\u00e7\u00e3o e eixo de perfura\u00e7\u00e3o transversal adicional<\/li>\n<li>sem dobra<\/li>\n<li>Formato 32x46cm<\/li>\n<li>Amortecimento Molleton<\/li>\n<\/ul>\n","protected":false},"excerpt":{"rendered":"<p>incl. Unidade de recorte para numera\u00e7\u00e3o e eixo de perfura\u00e7\u00e3o transversal adicional sem dobra Formato 32x46cm Amortecimento Molleton<\/p>\n","protected":false},"featured_media":63330,"template":"","meta":[],"product_brand":[],"product_cat":[3075],"product_tag":[],"class_list":{"0":"post-92475","1":"product","2":"type-product","3":"status-publish","4":"has-post-thumbnail","6":"product_cat-folha-de-papel-offset-a-2-cores","7":"pa_baujahr-282","8":"pa_hersteller-heidelberg","9":"pa_typ-gtoz-46-np","11":"first","12":"instock","13":"sold-individually","14":"taxable","15":"shipping-taxable","16":"purchasable","17":"product-type-simple"},"jetpack_sharing_enabled":true,"_links":{"self":[{"href":"https:\/\/www.3p-gmbh.de\/pt-br\/wp-json\/wp\/v2\/product\/92475","targetHints":{"allow":["GET"]}}],"collection":[{"href":"https:\/\/www.3p-gmbh.de\/pt-br\/wp-json\/wp\/v2\/product"}],"about":[{"href":"https:\/\/www.3p-gmbh.de\/pt-br\/wp-json\/wp\/v2\/types\/product"}],"wp:featuredmedia":[{"embeddable":true,"href":"https:\/\/www.3p-gmbh.de\/pt-br\/wp-json\/wp\/v2\/media\/63330"}],"wp:attachment":[{"href":"https:\/\/www.3p-gmbh.de\/pt-br\/wp-json\/wp\/v2\/media?parent=92475"}],"wp:term":[{"taxonomy":"product_brand","embeddable":true,"href":"https:\/\/www.3p-gmbh.de\/pt-br\/wp-json\/wp\/v2\/product_brand?post=92475"},{"taxonomy":"product_cat","embeddable":true,"href":"https:\/\/www.3p-gmbh.de\/pt-br\/wp-json\/wp\/v2\/product_cat?post=92475"},{"taxonomy":"product_tag","embeddable":true,"href":"https:\/\/www.3p-gmbh.de\/pt-br\/wp-json\/wp\/v2\/product_tag?post=92475"}],"curies":[{"name":"wp","href":"https:\/\/api.w.org\/{rel}","templated":true}]}}