{"id":92453,"date":"2019-07-11T13:52:17","date_gmt":"2019-07-11T13:52:17","guid":{"rendered":"https:\/\/www.3p-gmbh.de\/produkt\/impressora-offset-monocromatica-roland-practica-00\/"},"modified":"2019-07-11T13:52:17","modified_gmt":"2019-07-11T13:52:17","slug":"uma-cor-gto-formato","status":"publish","type":"product","link":"https:\/\/www.3p-gmbh.de\/pt-br\/produkt\/uma-cor-gto-formato\/","title":{"rendered":"Impressora offset monocrom\u00e1tica Roland Practica 00"},"content":{"rendered":"<ul>\n<li>Formato 360 x 520 mm<\/li>\n<li>Alimentador de calha com mesa de fita<\/li>\n<li>com unidade de amortecimento de pel\u00edcula Rolandmatic com circulador de solu\u00e7\u00e3o de amortecimento<\/li>\n<li>Sa\u00edda de 10.000 folhas por hora<\/li>\n<li>4 rolos formadores de tinta, 2 rolos formadores de solu\u00e7\u00e3o de amortecimento<\/li>\n<li>Dimens\u00f5es C 1,45m, L 1,38m, A 1,69m<\/li>\n<li>Liga\u00e7\u00e3o: 400 Volt 50-60 Hz 6,2 kWatt<\/li>\n<li>Peso 1780 kg<\/li>\n<li>incl. Acess\u00f3rios e ferramentas standard<\/li>\n<li>Pun\u00e7\u00e3o para registo de chapas e barras de ajuste<\/li>\n<\/ul>\n","protected":false},"excerpt":{"rendered":"<p>Formato 360 x 520 mm Alimentador de calha com mesa de fita com unidade de amortecimento de pel\u00edcula Rolandmatic com circulador de solu\u00e7\u00e3o de amortecimento Sa\u00edda de 10.000 folhas por hora 4 rolos formadores de tinta, 2 rolos formadores de solu\u00e7\u00e3o de amortecimento Dimens\u00f5es C 1,45m, L 1,38m, A 1,69m Liga\u00e7\u00e3o: 400 Volt 50-60 Hz [&hellip;]<\/p>\n","protected":false},"featured_media":63306,"template":"","meta":[],"product_brand":[],"product_cat":[3105],"product_tag":[],"class_list":{"0":"post-92453","1":"product","2":"type-product","3":"status-publish","4":"has-post-thumbnail","6":"product_cat-folha-de-papel-offset-1-cor","7":"pa_baujahr-158","8":"pa_hersteller-man-roland-edelmann","9":"pa_typ-practica-00","11":"first","12":"instock","13":"sold-individually","14":"taxable","15":"shipping-taxable","16":"purchasable","17":"product-type-simple"},"jetpack_sharing_enabled":true,"_links":{"self":[{"href":"https:\/\/www.3p-gmbh.de\/pt-br\/wp-json\/wp\/v2\/product\/92453","targetHints":{"allow":["GET"]}}],"collection":[{"href":"https:\/\/www.3p-gmbh.de\/pt-br\/wp-json\/wp\/v2\/product"}],"about":[{"href":"https:\/\/www.3p-gmbh.de\/pt-br\/wp-json\/wp\/v2\/types\/product"}],"wp:featuredmedia":[{"embeddable":true,"href":"https:\/\/www.3p-gmbh.de\/pt-br\/wp-json\/wp\/v2\/media\/63306"}],"wp:attachment":[{"href":"https:\/\/www.3p-gmbh.de\/pt-br\/wp-json\/wp\/v2\/media?parent=92453"}],"wp:term":[{"taxonomy":"product_brand","embeddable":true,"href":"https:\/\/www.3p-gmbh.de\/pt-br\/wp-json\/wp\/v2\/product_brand?post=92453"},{"taxonomy":"product_cat","embeddable":true,"href":"https:\/\/www.3p-gmbh.de\/pt-br\/wp-json\/wp\/v2\/product_cat?post=92453"},{"taxonomy":"product_tag","embeddable":true,"href":"https:\/\/www.3p-gmbh.de\/pt-br\/wp-json\/wp\/v2\/product_tag?post=92453"}],"curies":[{"name":"wp","href":"https:\/\/api.w.org\/{rel}","templated":true}]}}