{"id":92447,"date":"2019-07-11T13:51:36","date_gmt":"2019-07-11T13:51:36","guid":{"rendered":"https:\/\/www.3p-gmbh.de\/produkt\/hugo-beck-flexo-500-s-maquina-de-embalar-pelicula-horizontal\/"},"modified":"2019-07-11T13:51:36","modified_gmt":"2019-07-11T13:51:36","slug":"linha-de-embalamento-horizontal-de-pelicula","status":"publish","type":"product","link":"https:\/\/www.3p-gmbh.de\/pt-br\/produkt\/linha-de-embalamento-horizontal-de-pelicula\/","title":{"rendered":"Hugo Beck Flexo 500 S M\u00e1quina de embalar pel\u00edcula horizontal"},"content":{"rendered":"<ul>\n<li>M\u00e1quina de embalar pel\u00edcula com largura m\u00e1xima de pel\u00edcula. 500 mm<\/li>\n<li>Alimenta\u00e7\u00e3o do produto manualmente como m\u00e1quina aut\u00f3noma ou automaticamente em linha<\/li>\n<li>Material utilizado Pel\u00edcula PE, PO, biopl\u00e1sticos, semi-tubo e pel\u00edcula plana<\/li>\n<li>Dimens\u00f5es do produto Comprimento a partir de 45 mm, largura 10 &#8211; 450 mm, altura m\u00e1x. 250 mm<\/li>\n<li>T\u00fanel de retra\u00e7\u00e3o Hugo Beck SLB 5015 \/ 23e<\/li>\n<li>Cinto de entrada e sa\u00edda 100 cm<\/li>\n<\/ul>\n","protected":false},"excerpt":{"rendered":"<p>M\u00e1quina de embalar pel\u00edcula com largura m\u00e1xima de pel\u00edcula. 500 mm Alimenta\u00e7\u00e3o do produto manualmente como m\u00e1quina aut\u00f3noma ou automaticamente em linha Material utilizado Pel\u00edcula PE, PO, biopl\u00e1sticos, semi-tubo e pel\u00edcula plana Dimens\u00f5es do produto Comprimento a partir de 45 mm, largura 10 &#8211; 450 mm, altura m\u00e1x. 250 mm T\u00fanel de retra\u00e7\u00e3o Hugo Beck [&hellip;]<\/p>\n","protected":false},"featured_media":71544,"template":"","meta":[],"product_brand":[],"product_cat":[3026],"product_tag":[],"class_list":{"0":"post-92447","1":"product","2":"type-product","3":"status-publish","4":"has-post-thumbnail","6":"product_cat-embalagem-de-pelicula-e-embaladora-extensivel","7":"pa_baujahr-143","8":"pa_hersteller-hugo-beck","9":"pa_typ-flexo-500-s-mit-slb-5015-23e","11":"first","12":"instock","13":"sold-individually","14":"taxable","15":"shipping-taxable","16":"purchasable","17":"product-type-simple"},"jetpack_sharing_enabled":true,"_links":{"self":[{"href":"https:\/\/www.3p-gmbh.de\/pt-br\/wp-json\/wp\/v2\/product\/92447","targetHints":{"allow":["GET"]}}],"collection":[{"href":"https:\/\/www.3p-gmbh.de\/pt-br\/wp-json\/wp\/v2\/product"}],"about":[{"href":"https:\/\/www.3p-gmbh.de\/pt-br\/wp-json\/wp\/v2\/types\/product"}],"wp:featuredmedia":[{"embeddable":true,"href":"https:\/\/www.3p-gmbh.de\/pt-br\/wp-json\/wp\/v2\/media\/71544"}],"wp:attachment":[{"href":"https:\/\/www.3p-gmbh.de\/pt-br\/wp-json\/wp\/v2\/media?parent=92447"}],"wp:term":[{"taxonomy":"product_brand","embeddable":true,"href":"https:\/\/www.3p-gmbh.de\/pt-br\/wp-json\/wp\/v2\/product_brand?post=92447"},{"taxonomy":"product_cat","embeddable":true,"href":"https:\/\/www.3p-gmbh.de\/pt-br\/wp-json\/wp\/v2\/product_cat?post=92447"},{"taxonomy":"product_tag","embeddable":true,"href":"https:\/\/www.3p-gmbh.de\/pt-br\/wp-json\/wp\/v2\/product_tag?post=92447"}],"curies":[{"name":"wp","href":"https:\/\/api.w.org\/{rel}","templated":true}]}}