{"id":92442,"date":"2019-07-11T13:51:36","date_gmt":"2019-07-11T13:51:36","guid":{"rendered":"https:\/\/www.3p-gmbh.de\/produkt\/prensa-pneumatica-para-estampagem-a-quente-gierlich-pe-600\/"},"modified":"2019-07-11T13:51:36","modified_gmt":"2019-07-11T13:51:36","slug":"prensa-pneumatica-de-folha-a-quente","status":"publish","type":"product","link":"https:\/\/www.3p-gmbh.de\/pt-br\/produkt\/prensa-pneumatica-de-folha-a-quente\/","title":{"rendered":"Prensa pneum\u00e1tica para estampagem a quente Gierlich PE 600"},"content":{"rendered":"<ul>\n<li>Compartimento carrossel de 6 esta\u00e7\u00f5es<\/li>\n<li>Prensa de estampagem a quente para a produ\u00e7\u00e3o de passaportes, bilhetes de identidade, bolsas de alum\u00ednio, etc.<\/li>\n<\/ul>\n","protected":false},"excerpt":{"rendered":"<p>Compartimento carrossel de 6 esta\u00e7\u00f5es Prensa de estampagem a quente para a produ\u00e7\u00e3o de passaportes, bilhetes de identidade, bolsas de alum\u00ednio, etc.<\/p>\n","protected":false},"featured_media":62625,"template":"","meta":[],"product_brand":[],"product_cat":[2892],"product_tag":[],"class_list":{"0":"post-92442","1":"product","2":"type-product","3":"status-publish","4":"has-post-thumbnail","6":"product_cat-encadernacao-de-sortido","7":"pa_baujahr-113","8":"pa_hersteller-gierlich","9":"pa_typ-pe-600","11":"first","12":"instock","13":"sold-individually","14":"taxable","15":"shipping-taxable","16":"purchasable","17":"product-type-simple"},"jetpack_sharing_enabled":true,"_links":{"self":[{"href":"https:\/\/www.3p-gmbh.de\/pt-br\/wp-json\/wp\/v2\/product\/92442","targetHints":{"allow":["GET"]}}],"collection":[{"href":"https:\/\/www.3p-gmbh.de\/pt-br\/wp-json\/wp\/v2\/product"}],"about":[{"href":"https:\/\/www.3p-gmbh.de\/pt-br\/wp-json\/wp\/v2\/types\/product"}],"wp:featuredmedia":[{"embeddable":true,"href":"https:\/\/www.3p-gmbh.de\/pt-br\/wp-json\/wp\/v2\/media\/62625"}],"wp:attachment":[{"href":"https:\/\/www.3p-gmbh.de\/pt-br\/wp-json\/wp\/v2\/media?parent=92442"}],"wp:term":[{"taxonomy":"product_brand","embeddable":true,"href":"https:\/\/www.3p-gmbh.de\/pt-br\/wp-json\/wp\/v2\/product_brand?post=92442"},{"taxonomy":"product_cat","embeddable":true,"href":"https:\/\/www.3p-gmbh.de\/pt-br\/wp-json\/wp\/v2\/product_cat?post=92442"},{"taxonomy":"product_tag","embeddable":true,"href":"https:\/\/www.3p-gmbh.de\/pt-br\/wp-json\/wp\/v2\/product_tag?post=92442"}],"curies":[{"name":"wp","href":"https:\/\/api.w.org\/{rel}","templated":true}]}}