{"id":92435,"date":"2019-07-11T13:51:36","date_gmt":"2019-07-11T13:51:36","guid":{"rendered":"https:\/\/www.3p-gmbh.de\/produkt\/normpack-tapemat-ncg-320-maquina-de-selagem-automatica-de-caixas-dobraveis\/"},"modified":"2019-07-11T13:51:36","modified_gmt":"2019-07-11T13:51:36","slug":"maquina-de-selagem-automatica-de-caixas-dobraveis","status":"publish","type":"product","link":"https:\/\/www.3p-gmbh.de\/pt-br\/produkt\/maquina-de-selagem-automatica-de-caixas-dobraveis\/","title":{"rendered":"Normpack Tapemat NCG 320 m\u00e1quina de selagem autom\u00e1tica de caixas dobr\u00e1veis"},"content":{"rendered":"<ul>\n<li>com acionamento por baixo da fita<\/li>\n<li>Ajuste manual simples e r\u00e1pido da altura e da largura para obter tamanhos de pacotes consistentes<\/li>\n<li>colagem sem folgas das abas superior e inferior<\/li>\n<li>Largura da caixa dobr\u00e1vel 130-520mm<\/li>\n<li>Comprimento da caixa dobr\u00e1vel 150 mm a infinito<\/li>\n<li>Altura da caixa dobr\u00e1vel 100-520 mm<\/li>\n<li>Altura de entrada ajust\u00e1vel de 650-750 mm<\/li>\n<li>Sa\u00edda at\u00e9 30 parcelas min (dependendo do comprimento da parcela)<\/li>\n<li>Desativa\u00e7\u00e3o autom\u00e1tica da correia transportadora<\/li>\n<li>Largura ajustada da correia 50 mm<\/li>\n<\/ul>\n","protected":false},"excerpt":{"rendered":"<p>com acionamento por baixo da fita Ajuste manual simples e r\u00e1pido da altura e da largura para obter tamanhos de pacotes consistentes colagem sem folgas das abas superior e inferior Largura da caixa dobr\u00e1vel 130-520mm Comprimento da caixa dobr\u00e1vel 150 mm a infinito Altura da caixa dobr\u00e1vel 100-520 mm Altura de entrada ajust\u00e1vel de 650-750 [&hellip;]<\/p>\n","protected":false},"featured_media":62682,"template":"","meta":[],"product_brand":[],"product_cat":[2989],"product_tag":[],"class_list":{"0":"post-92435","1":"product","2":"type-product","3":"status-publish","4":"has-post-thumbnail","6":"product_cat-maquinas-de-embalagem-de-cartao","7":"pa_baujahr-130","8":"pa_hersteller-normpack","9":"pa_typ-tapemat-ncg-320-v400","11":"first","12":"instock","13":"sold-individually","14":"taxable","15":"shipping-taxable","16":"purchasable","17":"product-type-simple"},"jetpack_sharing_enabled":true,"_links":{"self":[{"href":"https:\/\/www.3p-gmbh.de\/pt-br\/wp-json\/wp\/v2\/product\/92435","targetHints":{"allow":["GET"]}}],"collection":[{"href":"https:\/\/www.3p-gmbh.de\/pt-br\/wp-json\/wp\/v2\/product"}],"about":[{"href":"https:\/\/www.3p-gmbh.de\/pt-br\/wp-json\/wp\/v2\/types\/product"}],"wp:featuredmedia":[{"embeddable":true,"href":"https:\/\/www.3p-gmbh.de\/pt-br\/wp-json\/wp\/v2\/media\/62682"}],"wp:attachment":[{"href":"https:\/\/www.3p-gmbh.de\/pt-br\/wp-json\/wp\/v2\/media?parent=92435"}],"wp:term":[{"taxonomy":"product_brand","embeddable":true,"href":"https:\/\/www.3p-gmbh.de\/pt-br\/wp-json\/wp\/v2\/product_brand?post=92435"},{"taxonomy":"product_cat","embeddable":true,"href":"https:\/\/www.3p-gmbh.de\/pt-br\/wp-json\/wp\/v2\/product_cat?post=92435"},{"taxonomy":"product_tag","embeddable":true,"href":"https:\/\/www.3p-gmbh.de\/pt-br\/wp-json\/wp\/v2\/product_tag?post=92435"}],"curies":[{"name":"wp","href":"https:\/\/api.w.org\/{rel}","templated":true}]}}