{"id":92420,"date":"2019-07-11T13:51:44","date_gmt":"2019-07-11T13:51:44","guid":{"rendered":"https:\/\/www.3p-gmbh.de\/produkt\/maquina-retratil-angular-totalmente-automatica-pactur-ladypack-auto-60\/"},"modified":"2019-07-11T13:51:44","modified_gmt":"2019-07-11T13:51:44","slug":"maquina-retratil-angular-totalmente-automatica","status":"publish","type":"product","link":"https:\/\/www.3p-gmbh.de\/pt-br\/produkt\/maquina-retratil-angular-totalmente-automatica\/","title":{"rendered":"M\u00e1quina retr\u00e1til angular totalmente autom\u00e1tica Pactur Ladypack Auto 60"},"content":{"rendered":"<p>A unidade oferece o mais elevado n\u00edvel de conforto no dom\u00ednio da tecnologia de soldadura angular. \u00c9 poss\u00edvel armazenar 20 tamanhos diferentes de produtos e aceder aos mesmos atrav\u00e9s de um painel de controlo de f\u00e1cil utiliza\u00e7\u00e3o, introduzindo o c\u00f3digo curto correspondente. A adapta\u00e7\u00e3o aos produtos \u00e9 efectuada automaticamente.<\/p>\n","protected":false},"excerpt":{"rendered":"<p>A unidade oferece o mais elevado n\u00edvel de conforto no dom\u00ednio da tecnologia de soldadura angular. \u00c9 poss\u00edvel armazenar 20 tamanhos diferentes de produtos e aceder aos mesmos atrav\u00e9s de um painel de controlo de f\u00e1cil utiliza\u00e7\u00e3o, introduzindo o c\u00f3digo curto correspondente. A adapta\u00e7\u00e3o aos produtos \u00e9 efectuada automaticamente.<\/p>\n","protected":false},"featured_media":62766,"template":"","meta":[],"product_brand":[],"product_cat":[3026],"product_tag":[],"class_list":{"0":"post-92420","1":"product","2":"type-product","3":"status-publish","4":"has-post-thumbnail","6":"product_cat-embalagem-de-pelicula-e-embaladora-extensivel","7":"pa_baujahr-158","8":"pa_hersteller-paktur","9":"pa_typ-ladypack-auto-60","11":"first","12":"instock","13":"sold-individually","14":"taxable","15":"shipping-taxable","16":"purchasable","17":"product-type-simple"},"jetpack_sharing_enabled":true,"_links":{"self":[{"href":"https:\/\/www.3p-gmbh.de\/pt-br\/wp-json\/wp\/v2\/product\/92420","targetHints":{"allow":["GET"]}}],"collection":[{"href":"https:\/\/www.3p-gmbh.de\/pt-br\/wp-json\/wp\/v2\/product"}],"about":[{"href":"https:\/\/www.3p-gmbh.de\/pt-br\/wp-json\/wp\/v2\/types\/product"}],"wp:featuredmedia":[{"embeddable":true,"href":"https:\/\/www.3p-gmbh.de\/pt-br\/wp-json\/wp\/v2\/media\/62766"}],"wp:attachment":[{"href":"https:\/\/www.3p-gmbh.de\/pt-br\/wp-json\/wp\/v2\/media?parent=92420"}],"wp:term":[{"taxonomy":"product_brand","embeddable":true,"href":"https:\/\/www.3p-gmbh.de\/pt-br\/wp-json\/wp\/v2\/product_brand?post=92420"},{"taxonomy":"product_cat","embeddable":true,"href":"https:\/\/www.3p-gmbh.de\/pt-br\/wp-json\/wp\/v2\/product_cat?post=92420"},{"taxonomy":"product_tag","embeddable":true,"href":"https:\/\/www.3p-gmbh.de\/pt-br\/wp-json\/wp\/v2\/product_tag?post=92420"}],"curies":[{"name":"wp","href":"https:\/\/api.w.org\/{rel}","templated":true}]}}