{"id":92412,"date":"2019-07-11T13:51:44","date_gmt":"2019-07-11T13:51:44","guid":{"rendered":"https:\/\/www.3p-gmbh.de\/produkt\/interdibipack-mega-pack-moldura-para-quadros-encolhedor-de-capuz\/"},"modified":"2019-07-11T13:51:44","modified_gmt":"2019-07-11T13:51:44","slug":"encolhedor-de-capas-para-molduras","status":"publish","type":"product","link":"https:\/\/www.3p-gmbh.de\/pt-br\/produkt\/encolhedor-de-capas-para-molduras\/","title":{"rendered":"Interdibipack Mega Pack Moldura para quadros Encolhedor de capuz"},"content":{"rendered":"<ul>\n<li>Dimens\u00e3o do capot 82 X 122 cm<\/li>\n<li>Dimens\u00e3o m\u00e1xima da folha de alum\u00ednio. 25 \u00f8 x largura 110 cm<\/li>\n<li>liga\u00e7\u00e3o el\u00e9ctrica 380V<\/li>\n<li>Consumo de energia 9,4 kW<\/li>\n<li>Dimens\u00f5es da m\u00e1quina 2580 x 1570 x 1110 mm, peso 310 kg<\/li>\n<\/ul>\n","protected":false},"excerpt":{"rendered":"<p>Dimens\u00e3o do capot 82 X 122 cm Dimens\u00e3o m\u00e1xima da folha de alum\u00ednio. 25 \u00f8 x largura 110 cm liga\u00e7\u00e3o el\u00e9ctrica 380V Consumo de energia 9,4 kW Dimens\u00f5es da m\u00e1quina 2580 x 1570 x 1110 mm, peso 310 kg<\/p>\n","protected":false},"featured_media":62742,"template":"","meta":[],"product_brand":[],"product_cat":[3026],"product_tag":[],"class_list":{"0":"post-92412","1":"product","2":"type-product","3":"status-publish","4":"has-post-thumbnail","6":"product_cat-embalagem-de-pelicula-e-embaladora-extensivel","7":"pa_baujahr-153","8":"pa_hersteller-interdibipack-s-p-a","9":"pa_typ-mega-pack","11":"first","12":"instock","13":"sold-individually","14":"taxable","15":"shipping-taxable","16":"purchasable","17":"product-type-simple"},"jetpack_sharing_enabled":true,"_links":{"self":[{"href":"https:\/\/www.3p-gmbh.de\/pt-br\/wp-json\/wp\/v2\/product\/92412","targetHints":{"allow":["GET"]}}],"collection":[{"href":"https:\/\/www.3p-gmbh.de\/pt-br\/wp-json\/wp\/v2\/product"}],"about":[{"href":"https:\/\/www.3p-gmbh.de\/pt-br\/wp-json\/wp\/v2\/types\/product"}],"wp:featuredmedia":[{"embeddable":true,"href":"https:\/\/www.3p-gmbh.de\/pt-br\/wp-json\/wp\/v2\/media\/62742"}],"wp:attachment":[{"href":"https:\/\/www.3p-gmbh.de\/pt-br\/wp-json\/wp\/v2\/media?parent=92412"}],"wp:term":[{"taxonomy":"product_brand","embeddable":true,"href":"https:\/\/www.3p-gmbh.de\/pt-br\/wp-json\/wp\/v2\/product_brand?post=92412"},{"taxonomy":"product_cat","embeddable":true,"href":"https:\/\/www.3p-gmbh.de\/pt-br\/wp-json\/wp\/v2\/product_cat?post=92412"},{"taxonomy":"product_tag","embeddable":true,"href":"https:\/\/www.3p-gmbh.de\/pt-br\/wp-json\/wp\/v2\/product_tag?post=92412"}],"curies":[{"name":"wp","href":"https:\/\/api.w.org\/{rel}","templated":true}]}}