{"id":92406,"date":"2019-07-11T13:51:44","date_gmt":"2019-07-11T13:51:44","guid":{"rendered":"https:\/\/www.3p-gmbh.de\/produkt\/maquina-de-soldar-angular-universal-kallfass-kc-5040-450\/"},"modified":"2019-07-11T13:51:44","modified_gmt":"2019-07-11T13:51:44","slug":"maquina-de-soldadura-angular","status":"publish","type":"product","link":"https:\/\/www.3p-gmbh.de\/pt-br\/produkt\/maquina-de-soldadura-angular\/","title":{"rendered":"M\u00e1quina de soldar angular universal Kallfass KC 5040-450"},"content":{"rendered":"<p>Esta m\u00e1quina de soldar angular compacta com t\u00fanel de retra\u00e7\u00e3o foi criada para uma utiliza\u00e7\u00e3o industrial exigente com um poderoso t\u00fanel de retra\u00e7\u00e3o combinado. As qualidades desta s\u00e9rie s\u00e3o particularmente evidentes no dif\u00edcil funcionamento cont\u00ednuo: os produtos embalados podem ser embalados rapidamente, de forma econ\u00f3mica e com elevada qualidade. A tecnologia comprovada de soldadura por impulso com fio de corte teflonado garante um funcionamento eficaz e absolutamente isento de odores.<\/p>\n<ul>\n<li>Tipo de embalagem: embalagem manual em pel\u00edcula<\/li>\n<li>Capacidade de embalagem: at\u00e9 20 ciclos\/min.<\/li>\n<li>Gama de formatos: Dimens\u00f5es da estrutura de soldadura 500 x 400 mm<\/li>\n<li>Largura da \u00e1rea de trabalho 450 mm<\/li>\n<li>Altura da gama de trabalho 100-400mm<\/li>\n<li>Altura de trabalho 870-970mm<\/li>\n<li>Transporte com haste de silicone espa\u00e7amento da corrente 25 mm<\/li>\n<li>M\u00e1quina sobre rodas<\/li>\n<li>Acionamento motorizado da pel\u00edcula com rolo de agulhas<\/li>\n<\/ul>\n","protected":false},"excerpt":{"rendered":"<p>Esta m\u00e1quina de soldar angular compacta com t\u00fanel de retra\u00e7\u00e3o foi criada para uma utiliza\u00e7\u00e3o industrial exigente com um poderoso t\u00fanel de retra\u00e7\u00e3o combinado. As qualidades desta s\u00e9rie s\u00e3o particularmente evidentes no dif\u00edcil funcionamento cont\u00ednuo: os produtos embalados podem ser embalados rapidamente, de forma econ\u00f3mica e com elevada qualidade. A tecnologia comprovada de soldadura por [&hellip;]<\/p>\n","protected":false},"featured_media":62475,"template":"","meta":[],"product_brand":[],"product_cat":[3026],"product_tag":[],"class_list":{"0":"post-92406","1":"product","2":"type-product","3":"status-publish","4":"has-post-thumbnail","6":"product_cat-embalagem-de-pelicula-e-embaladora-extensivel","7":"pa_baujahr-127","8":"pa_hersteller-kallfass","9":"pa_typ-kc-5040-450-universal","11":"first","12":"instock","13":"sold-individually","14":"taxable","15":"shipping-taxable","16":"purchasable","17":"product-type-simple"},"jetpack_sharing_enabled":true,"_links":{"self":[{"href":"https:\/\/www.3p-gmbh.de\/pt-br\/wp-json\/wp\/v2\/product\/92406","targetHints":{"allow":["GET"]}}],"collection":[{"href":"https:\/\/www.3p-gmbh.de\/pt-br\/wp-json\/wp\/v2\/product"}],"about":[{"href":"https:\/\/www.3p-gmbh.de\/pt-br\/wp-json\/wp\/v2\/types\/product"}],"wp:featuredmedia":[{"embeddable":true,"href":"https:\/\/www.3p-gmbh.de\/pt-br\/wp-json\/wp\/v2\/media\/62475"}],"wp:attachment":[{"href":"https:\/\/www.3p-gmbh.de\/pt-br\/wp-json\/wp\/v2\/media?parent=92406"}],"wp:term":[{"taxonomy":"product_brand","embeddable":true,"href":"https:\/\/www.3p-gmbh.de\/pt-br\/wp-json\/wp\/v2\/product_brand?post=92406"},{"taxonomy":"product_cat","embeddable":true,"href":"https:\/\/www.3p-gmbh.de\/pt-br\/wp-json\/wp\/v2\/product_cat?post=92406"},{"taxonomy":"product_tag","embeddable":true,"href":"https:\/\/www.3p-gmbh.de\/pt-br\/wp-json\/wp\/v2\/product_tag?post=92406"}],"curies":[{"name":"wp","href":"https:\/\/api.w.org\/{rel}","templated":true}]}}