{"id":92399,"date":"2019-07-11T13:51:48","date_gmt":"2019-07-11T13:51:48","guid":{"rendered":"https:\/\/www.3p-gmbh.de\/produkt\/mosca-ro-trs-4-1-maquina-automatica-de-cintar-em-transito\/"},"modified":"2019-07-11T13:51:48","modified_gmt":"2019-07-11T13:51:48","slug":"maquina-automatica-de-cintar-em-transito","status":"publish","type":"product","link":"https:\/\/www.3p-gmbh.de\/pt-br\/produkt\/maquina-automatica-de-cintar-em-transito\/","title":{"rendered":"Mosca RO-TRS-4\/1 m\u00e1quina autom\u00e1tica de cintar em tr\u00e2nsito"},"content":{"rendered":"<ul>\n<li>Possibilidade de integra\u00e7\u00e3o em qualquer linha de processamento<\/li>\n<li>Accionamentos directos com tecnologia DC sem desgaste<\/li>\n<li>Sistemas de transporte articulados, accionados diretamente com controlo de frequ\u00eancia<\/li>\n<li>Controlo PLC Siemens com painel t\u00e1til para orienta\u00e7\u00e3o \u00f3tica do operador e visualiza\u00e7\u00e3o das fun\u00e7\u00f5es da m\u00e1quina, dos valores dos contadores, das mensagens de avaria, etc.<\/li>\n<li>Dist\u00e2ncias de cintagem ajust\u00e1veis atrav\u00e9s de painel t\u00e1til<\/li>\n<li>Sistema de soldadura de cunha quente com regula\u00e7\u00e3o eletr\u00f3nica do aquecimento em tecnologia de 24 V<\/li>\n<li>Enfiamento de fita totalmente autom\u00e1tico<\/li>\n<li>Interroga\u00e7\u00e3o de fim de fita com eje\u00e7\u00e3o do resto da fita<\/li>\n<li>Eje\u00e7\u00e3o autom\u00e1tica do anel do cinto em caso de disparo falso<\/li>\n<li>Guia da correia sem desgaste e com controlo positivo<\/li>\n<li>Contactos sem potencial para equipamentos a montante e a jusante<\/li>\n<li>para fita PP 12mm<\/li>\n<li>Altura de trabalho ajust\u00e1vel da mesa de rolos de 680mm &#8211; 800mm<\/li>\n<li>incl. mesas de alimenta\u00e7\u00e3o e de sa\u00edda com rolos accionados por motor<\/li>\n<\/ul>\n","protected":false},"excerpt":{"rendered":"<p>Possibilidade de integra\u00e7\u00e3o em qualquer linha de processamento Accionamentos directos com tecnologia DC sem desgaste Sistemas de transporte articulados, accionados diretamente com controlo de frequ\u00eancia Controlo PLC Siemens com painel t\u00e1til para orienta\u00e7\u00e3o \u00f3tica do operador e visualiza\u00e7\u00e3o das fun\u00e7\u00f5es da m\u00e1quina, dos valores dos contadores, das mensagens de avaria, etc. Dist\u00e2ncias de cintagem ajust\u00e1veis [&hellip;]<\/p>\n","protected":false},"featured_media":62952,"template":"","meta":[],"product_brand":[],"product_cat":[3004],"product_tag":[],"class_list":{"0":"post-92399","1":"product","2":"type-product","3":"status-publish","4":"has-post-thumbnail","6":"product_cat-maquinas-de-cintar","7":"pa_baujahr-198","8":"pa_hersteller-gerd-mosca","9":"pa_typ-ro-trs-4-1","11":"first","12":"instock","13":"sold-individually","14":"taxable","15":"shipping-taxable","16":"purchasable","17":"product-type-simple"},"jetpack_sharing_enabled":true,"_links":{"self":[{"href":"https:\/\/www.3p-gmbh.de\/pt-br\/wp-json\/wp\/v2\/product\/92399","targetHints":{"allow":["GET"]}}],"collection":[{"href":"https:\/\/www.3p-gmbh.de\/pt-br\/wp-json\/wp\/v2\/product"}],"about":[{"href":"https:\/\/www.3p-gmbh.de\/pt-br\/wp-json\/wp\/v2\/types\/product"}],"wp:featuredmedia":[{"embeddable":true,"href":"https:\/\/www.3p-gmbh.de\/pt-br\/wp-json\/wp\/v2\/media\/62952"}],"wp:attachment":[{"href":"https:\/\/www.3p-gmbh.de\/pt-br\/wp-json\/wp\/v2\/media?parent=92399"}],"wp:term":[{"taxonomy":"product_brand","embeddable":true,"href":"https:\/\/www.3p-gmbh.de\/pt-br\/wp-json\/wp\/v2\/product_brand?post=92399"},{"taxonomy":"product_cat","embeddable":true,"href":"https:\/\/www.3p-gmbh.de\/pt-br\/wp-json\/wp\/v2\/product_cat?post=92399"},{"taxonomy":"product_tag","embeddable":true,"href":"https:\/\/www.3p-gmbh.de\/pt-br\/wp-json\/wp\/v2\/product_tag?post=92399"}],"curies":[{"name":"wp","href":"https:\/\/api.w.org\/{rel}","templated":true}]}}