{"id":92392,"date":"2019-07-11T13:51:48","date_gmt":"2019-07-11T13:51:48","guid":{"rendered":"https:\/\/www.3p-gmbh.de\/produkt\/maquina-de-cintar-automatica-mosca-ro-m-p\/"},"modified":"2019-07-11T13:51:48","modified_gmt":"2019-07-11T13:51:48","slug":"maquina-de-cintar-automatica-4","status":"publish","type":"product","link":"https:\/\/www.3p-gmbh.de\/pt-br\/produkt\/maquina-de-cintar-automatica-4\/","title":{"rendered":"M\u00e1quina de cintar autom\u00e1tica Mosca RO-M-P"},"content":{"rendered":"<ul>\n<li>Tamanho da moldura: aprox. 300 x 400 mm<\/li>\n<li>guia de correia com acionamento positivo<\/li>\n<li>Tens\u00e3o da correia ajust\u00e1vel<\/li>\n<li>Sistema de soldadura com cunha quente<\/li>\n<li>Pedal robusto para libertar a cintagem<\/li>\n<li>4 rod\u00edzios, 2 dos quais bloque\u00e1veis<\/li>\n<li>Cintagem: Cintagem PP adequada para m\u00e1quinas autom\u00e1ticas<\/li>\n<\/ul>\n","protected":false},"excerpt":{"rendered":"<p>Tamanho da moldura: aprox. 300 x 400 mm guia de correia com acionamento positivo Tens\u00e3o da correia ajust\u00e1vel Sistema de soldadura com cunha quente Pedal robusto para libertar a cintagem 4 rod\u00edzios, 2 dos quais bloque\u00e1veis Cintagem: Cintagem PP adequada para m\u00e1quinas autom\u00e1ticas<\/p>\n","protected":false},"featured_media":62940,"template":"","meta":[],"product_brand":[],"product_cat":[3004],"product_tag":[],"class_list":{"0":"post-92392","1":"product","2":"type-product","3":"status-publish","4":"has-post-thumbnail","6":"product_cat-maquinas-de-cintar","7":"pa_baujahr-196","8":"pa_hersteller-gerd-mosca","9":"pa_typ-ro-m-p","11":"first","12":"instock","13":"sold-individually","14":"taxable","15":"shipping-taxable","16":"purchasable","17":"product-type-simple"},"jetpack_sharing_enabled":true,"_links":{"self":[{"href":"https:\/\/www.3p-gmbh.de\/pt-br\/wp-json\/wp\/v2\/product\/92392","targetHints":{"allow":["GET"]}}],"collection":[{"href":"https:\/\/www.3p-gmbh.de\/pt-br\/wp-json\/wp\/v2\/product"}],"about":[{"href":"https:\/\/www.3p-gmbh.de\/pt-br\/wp-json\/wp\/v2\/types\/product"}],"wp:featuredmedia":[{"embeddable":true,"href":"https:\/\/www.3p-gmbh.de\/pt-br\/wp-json\/wp\/v2\/media\/62940"}],"wp:attachment":[{"href":"https:\/\/www.3p-gmbh.de\/pt-br\/wp-json\/wp\/v2\/media?parent=92392"}],"wp:term":[{"taxonomy":"product_brand","embeddable":true,"href":"https:\/\/www.3p-gmbh.de\/pt-br\/wp-json\/wp\/v2\/product_brand?post=92392"},{"taxonomy":"product_cat","embeddable":true,"href":"https:\/\/www.3p-gmbh.de\/pt-br\/wp-json\/wp\/v2\/product_cat?post=92392"},{"taxonomy":"product_tag","embeddable":true,"href":"https:\/\/www.3p-gmbh.de\/pt-br\/wp-json\/wp\/v2\/product_tag?post=92392"}],"curies":[{"name":"wp","href":"https:\/\/api.w.org\/{rel}","templated":true}]}}