{"id":92373,"date":"2019-07-11T13:56:45","date_gmt":"2019-07-11T13:56:45","guid":{"rendered":"https:\/\/www.3p-gmbh.de\/produkt\/palamides-alpha-700-stack-entrega-pacote-entrega\/"},"modified":"2019-07-11T13:56:45","modified_gmt":"2019-07-11T13:56:45","slug":"expositor-de-empilhamento-expositor-de-embalagem","status":"publish","type":"product","link":"https:\/\/www.3p-gmbh.de\/pt-br\/produkt\/expositor-de-empilhamento-expositor-de-embalagem\/","title":{"rendered":"Palamides Alpha 700 Stack entrega Pacote entrega"},"content":{"rendered":"<ul>\n<li>Apresenta\u00e7\u00e3o da embalagem Palamidas alfa 700<\/li>\n<li>Comprimento m\u00e1ximo da entrada. 800 x 330 mm<\/li>\n<li>Altura de empilhamento 16cm<\/li>\n<li>Benef\u00edcio triplo<\/li>\n<li>Ajuste autom\u00e1tico do formato no sentido da marcha<\/li>\n<\/ul>\n","protected":false},"excerpt":{"rendered":"<p>Apresenta\u00e7\u00e3o da embalagem Palamidas alfa 700 Comprimento m\u00e1ximo da entrada. 800 x 330 mm Altura de empilhamento 16cm Benef\u00edcio triplo Ajuste autom\u00e1tico do formato no sentido da marcha<\/p>\n","protected":false},"featured_media":67419,"template":"","meta":[],"product_brand":[],"product_cat":[2919],"product_tag":[],"class_list":{"0":"post-92373","1":"product","2":"type-product","3":"status-publish","4":"has-post-thumbnail","6":"product_cat-despesas","7":"pa_baujahr-137","8":"pa_hersteller-palamides","9":"pa_typ-alpha-700-plus","11":"first","12":"instock","13":"sold-individually","14":"taxable","15":"shipping-taxable","16":"purchasable","17":"product-type-simple"},"jetpack_sharing_enabled":true,"_links":{"self":[{"href":"https:\/\/www.3p-gmbh.de\/pt-br\/wp-json\/wp\/v2\/product\/92373","targetHints":{"allow":["GET"]}}],"collection":[{"href":"https:\/\/www.3p-gmbh.de\/pt-br\/wp-json\/wp\/v2\/product"}],"about":[{"href":"https:\/\/www.3p-gmbh.de\/pt-br\/wp-json\/wp\/v2\/types\/product"}],"wp:featuredmedia":[{"embeddable":true,"href":"https:\/\/www.3p-gmbh.de\/pt-br\/wp-json\/wp\/v2\/media\/67419"}],"wp:attachment":[{"href":"https:\/\/www.3p-gmbh.de\/pt-br\/wp-json\/wp\/v2\/media?parent=92373"}],"wp:term":[{"taxonomy":"product_brand","embeddable":true,"href":"https:\/\/www.3p-gmbh.de\/pt-br\/wp-json\/wp\/v2\/product_brand?post=92373"},{"taxonomy":"product_cat","embeddable":true,"href":"https:\/\/www.3p-gmbh.de\/pt-br\/wp-json\/wp\/v2\/product_cat?post=92373"},{"taxonomy":"product_tag","embeddable":true,"href":"https:\/\/www.3p-gmbh.de\/pt-br\/wp-json\/wp\/v2\/product_tag?post=92373"}],"curies":[{"name":"wp","href":"https:\/\/api.w.org\/{rel}","templated":true}]}}