{"id":92367,"date":"2019-07-11T13:56:45","date_gmt":"2019-07-11T13:56:45","guid":{"rendered":"https:\/\/www.3p-gmbh.de\/produkt\/unidade-de-dobragem-de-quatro-partes-vfz-52-h-em-aco-da-heidelberg\/"},"modified":"2019-07-11T13:56:45","modified_gmt":"2019-07-11T13:56:45","slug":"unidade-de-dobragem-em-quatro-partes","status":"publish","type":"product","link":"https:\/\/www.3p-gmbh.de\/pt-br\/produkt\/unidade-de-dobragem-em-quatro-partes\/","title":{"rendered":"Unidade de dobragem de quatro partes VFZ-52 H em a\u00e7o da Heidelberg"},"content":{"rendered":"<ul>\n<li>M\u00e1ximo. Formato: 52 x 36 cm<\/li>\n<li>Min. Formato: 12 x 10 cm<\/li>\n<li>Velocidade: 160 m\/min<\/li>\n<li>Unidade m\u00f3vel de dobragem de espadas, ajust\u00e1vel em altura, para complementar as m\u00e1quinas de dobragem de chapas com fivela e combinadas<\/li>\n<li>Baixo investimento para maior versatilidade nos tipos de dobra<\/li>\n<li>Como terceira esta\u00e7\u00e3o de dobragem para uma forma em U de f\u00e1cil utiliza\u00e7\u00e3o<\/li>\n<li>Ao rodar a unidade de dobragem da espada em 180 graus, a dobra quadrada internacional \u00e9 dobrada<\/li>\n<li>Para liga\u00e7\u00e3o a m\u00e1quinas com controlo MCT com ficha redonda<\/li>\n<li>A liga\u00e7\u00e3o atr\u00e1s de uma costureira de sela de a\u00e7o \u00e9 poss\u00edvel atrav\u00e9s de uma caixa de acoplamento dispon\u00edvel como op\u00e7\u00e3o<\/li>\n<\/ul>\n","protected":false},"excerpt":{"rendered":"<p>M\u00e1ximo. Formato: 52 x 36 cm Min. Formato: 12 x 10 cm Velocidade: 160 m\/min Unidade m\u00f3vel de dobragem de espadas, ajust\u00e1vel em altura, para complementar as m\u00e1quinas de dobragem de chapas com fivela e combinadas Baixo investimento para maior versatilidade nos tipos de dobra Como terceira esta\u00e7\u00e3o de dobragem para uma forma em U [&hellip;]<\/p>\n","protected":false},"featured_media":85363,"template":"","meta":[],"product_brand":[],"product_cat":[2912],"product_tag":[],"class_list":{"0":"post-92367","1":"product","2":"type-product","3":"status-publish","4":"has-post-thumbnail","6":"product_cat-unidades-de-dobragem","7":"pa_baujahr-127","8":"pa_hersteller-heidelberg-stahl","9":"pa_typ-stahlfolder-vfz-52-h","11":"first","12":"instock","13":"sold-individually","14":"taxable","15":"shipping-taxable","16":"purchasable","17":"product-type-simple"},"jetpack_sharing_enabled":true,"_links":{"self":[{"href":"https:\/\/www.3p-gmbh.de\/pt-br\/wp-json\/wp\/v2\/product\/92367","targetHints":{"allow":["GET"]}}],"collection":[{"href":"https:\/\/www.3p-gmbh.de\/pt-br\/wp-json\/wp\/v2\/product"}],"about":[{"href":"https:\/\/www.3p-gmbh.de\/pt-br\/wp-json\/wp\/v2\/types\/product"}],"wp:featuredmedia":[{"embeddable":true,"href":"https:\/\/www.3p-gmbh.de\/pt-br\/wp-json\/wp\/v2\/media\/85363"}],"wp:attachment":[{"href":"https:\/\/www.3p-gmbh.de\/pt-br\/wp-json\/wp\/v2\/media?parent=92367"}],"wp:term":[{"taxonomy":"product_brand","embeddable":true,"href":"https:\/\/www.3p-gmbh.de\/pt-br\/wp-json\/wp\/v2\/product_brand?post=92367"},{"taxonomy":"product_cat","embeddable":true,"href":"https:\/\/www.3p-gmbh.de\/pt-br\/wp-json\/wp\/v2\/product_cat?post=92367"},{"taxonomy":"product_tag","embeddable":true,"href":"https:\/\/www.3p-gmbh.de\/pt-br\/wp-json\/wp\/v2\/product_tag?post=92367"}],"curies":[{"name":"wp","href":"https:\/\/api.w.org\/{rel}","templated":true}]}}