{"id":92364,"date":"2019-07-11T13:56:55","date_gmt":"2019-07-11T13:56:55","guid":{"rendered":"https:\/\/www.3p-gmbh.de\/produkt\/c-p-bourg-bst-10-n-torre-de-recolha-de-ar-aspirado\/"},"modified":"2019-07-11T13:56:55","modified_gmt":"2019-07-11T13:56:55","slug":"torre-de-recolha-de-ar-de-aspiracao","status":"publish","type":"product","link":"https:\/\/www.3p-gmbh.de\/pt-br\/produkt\/torre-de-recolha-de-ar-de-aspiracao\/","title":{"rendered":"c. p. Bourg BST 10 N Torre de recolha de ar aspirado"},"content":{"rendered":"<ul>\n<li>com entrega \u00e0 esquerda para conjuntos agrupados<\/li>\n<li>com entrega compensada TD-d<\/li>\n<li>com ar de suc\u00e7\u00e3o, funcionamento por ecr\u00e3 t\u00e1til<\/li>\n<li>Formato m\u00e1ximo. 35 x 52 cm<\/li>\n<li>Formato min. 11,5 x 20 cm<\/li>\n<\/ul>\n","protected":false},"excerpt":{"rendered":"<p>com entrega \u00e0 esquerda para conjuntos agrupados com entrega compensada TD-d com ar de suc\u00e7\u00e3o, funcionamento por ecr\u00e3 t\u00e1til Formato m\u00e1ximo. 35 x 52 cm Formato min. 11,5 x 20 cm<\/p>\n","protected":false},"featured_media":67464,"template":"","meta":[],"product_brand":[],"product_cat":[3043],"product_tag":[],"class_list":{"0":"post-92364","1":"product","2":"type-product","3":"status-publish","4":"has-post-thumbnail","6":"product_cat-maquinas-de-recolha","7":"pa_baujahr-140","8":"pa_hersteller-c-p-bourg","9":"pa_typ-bst-10n","11":"first","12":"instock","13":"sold-individually","14":"taxable","15":"shipping-taxable","16":"purchasable","17":"product-type-simple"},"jetpack_sharing_enabled":true,"_links":{"self":[{"href":"https:\/\/www.3p-gmbh.de\/pt-br\/wp-json\/wp\/v2\/product\/92364","targetHints":{"allow":["GET"]}}],"collection":[{"href":"https:\/\/www.3p-gmbh.de\/pt-br\/wp-json\/wp\/v2\/product"}],"about":[{"href":"https:\/\/www.3p-gmbh.de\/pt-br\/wp-json\/wp\/v2\/types\/product"}],"wp:featuredmedia":[{"embeddable":true,"href":"https:\/\/www.3p-gmbh.de\/pt-br\/wp-json\/wp\/v2\/media\/67464"}],"wp:attachment":[{"href":"https:\/\/www.3p-gmbh.de\/pt-br\/wp-json\/wp\/v2\/media?parent=92364"}],"wp:term":[{"taxonomy":"product_brand","embeddable":true,"href":"https:\/\/www.3p-gmbh.de\/pt-br\/wp-json\/wp\/v2\/product_brand?post=92364"},{"taxonomy":"product_cat","embeddable":true,"href":"https:\/\/www.3p-gmbh.de\/pt-br\/wp-json\/wp\/v2\/product_cat?post=92364"},{"taxonomy":"product_tag","embeddable":true,"href":"https:\/\/www.3p-gmbh.de\/pt-br\/wp-json\/wp\/v2\/product_tag?post=92364"}],"curies":[{"name":"wp","href":"https:\/\/api.w.org\/{rel}","templated":true}]}}