{"id":92360,"date":"2019-07-11T13:56:55","date_gmt":"2019-07-11T13:56:55","guid":{"rendered":"https:\/\/www.3p-gmbh.de\/produkt\/combinador-de-ar-por-aspiracao-horizon-vac-100\/"},"modified":"2019-07-11T13:56:55","modified_gmt":"2019-07-11T13:56:55","slug":"colador-de-ar-de-succao","status":"publish","type":"product","link":"https:\/\/www.3p-gmbh.de\/pt-br\/produkt\/colador-de-ar-de-succao\/","title":{"rendered":"Combinador de ar por aspira\u00e7\u00e3o Horizon VAC 100"},"content":{"rendered":"<ul>\n<li>20 esta\u00e7\u00f5es VAC 100a+m com fornecimento de empilhamento ST-40 esquerda<\/li>\n<li>Ano de fabrico 2007<\/li>\n<li>Velocidade: at\u00e9 5.000 ciclos\/h com 20 esta\u00e7\u00f5es<\/li>\n<li>Dete\u00e7\u00e3o de erros: folha em falta, folha dupla, encravamento<\/li>\n<li>Controlo das fun\u00e7\u00f5es da m\u00e1quina atrav\u00e9s do ecr\u00e3 t\u00e1til<\/li>\n<li>para pap\u00e9is na gama de gramagem 50-210g\/m\u00b2<\/li>\n<li>Gama de formatos de 148x148mm a 350 x 500mm<\/li>\n<li>Altura de empilhamento de 55 mm por compartimento<\/li>\n<li>Gramagem do material 80-300 gramas\/m2<\/li>\n<li>Compressor EAB-100<\/li>\n<\/ul>\n","protected":false},"excerpt":{"rendered":"<p>20 esta\u00e7\u00f5es VAC 100a+m com fornecimento de empilhamento ST-40 esquerda Ano de fabrico 2007 Velocidade: at\u00e9 5.000 ciclos\/h com 20 esta\u00e7\u00f5es Dete\u00e7\u00e3o de erros: folha em falta, folha dupla, encravamento Controlo das fun\u00e7\u00f5es da m\u00e1quina atrav\u00e9s do ecr\u00e3 t\u00e1til para pap\u00e9is na gama de gramagem 50-210g\/m\u00b2 Gama de formatos de 148x148mm a 350 x 500mm [&hellip;]<\/p>\n","protected":false},"featured_media":62499,"template":"","meta":[],"product_brand":[],"product_cat":[3043],"product_tag":[],"class_list":{"0":"post-92360","1":"product","2":"type-product","3":"status-publish","4":"has-post-thumbnail","6":"product_cat-maquinas-de-recolha","7":"pa_baujahr-140","8":"pa_hersteller-horizon","9":"pa_typ-vac-100am-st-40","11":"first","12":"instock","13":"sold-individually","14":"taxable","15":"shipping-taxable","16":"purchasable","17":"product-type-simple"},"jetpack_sharing_enabled":true,"_links":{"self":[{"href":"https:\/\/www.3p-gmbh.de\/pt-br\/wp-json\/wp\/v2\/product\/92360","targetHints":{"allow":["GET"]}}],"collection":[{"href":"https:\/\/www.3p-gmbh.de\/pt-br\/wp-json\/wp\/v2\/product"}],"about":[{"href":"https:\/\/www.3p-gmbh.de\/pt-br\/wp-json\/wp\/v2\/types\/product"}],"wp:featuredmedia":[{"embeddable":true,"href":"https:\/\/www.3p-gmbh.de\/pt-br\/wp-json\/wp\/v2\/media\/62499"}],"wp:attachment":[{"href":"https:\/\/www.3p-gmbh.de\/pt-br\/wp-json\/wp\/v2\/media?parent=92360"}],"wp:term":[{"taxonomy":"product_brand","embeddable":true,"href":"https:\/\/www.3p-gmbh.de\/pt-br\/wp-json\/wp\/v2\/product_brand?post=92360"},{"taxonomy":"product_cat","embeddable":true,"href":"https:\/\/www.3p-gmbh.de\/pt-br\/wp-json\/wp\/v2\/product_cat?post=92360"},{"taxonomy":"product_tag","embeddable":true,"href":"https:\/\/www.3p-gmbh.de\/pt-br\/wp-json\/wp\/v2\/product_tag?post=92360"}],"curies":[{"name":"wp","href":"https:\/\/api.w.org\/{rel}","templated":true}]}}