{"id":92349,"date":"2019-07-11T13:56:55","date_gmt":"2019-07-11T13:56:55","guid":{"rendered":"https:\/\/www.3p-gmbh.de\/produkt\/torre-de-agrupamento-horizon-hac-15m\/"},"modified":"2019-07-11T13:56:55","modified_gmt":"2019-07-11T13:56:55","slug":"torre-de-compilacao","status":"publish","type":"product","link":"https:\/\/www.3p-gmbh.de\/pt-br\/produkt\/torre-de-compilacao\/","title":{"rendered":"Torre de agrupamento Horizon HAC 15m"},"content":{"rendered":"<ul>\n<li>2 torres de recolha HAC 15m<\/li>\n<li>15 esta\u00e7\u00f5es cada alimentador de fric\u00e7\u00e3o com 40 mm de altura de carga cada<\/li>\n<li>Tamanho m\u00e1ximo do papel. 31,8 x 47 mm<\/li>\n<li>Tamanho do papel m\u00edn. 14,8 x 21 mm<\/li>\n<li>Controlo de folhas em falta\/duplas<\/li>\n<li>Gramagens de papel 40 &#8211; 200 g\/m\u00b2<\/li>\n<li>Sa\u00edda aprox. 4800 ciclos\/h<\/li>\n<\/ul>\n","protected":false},"excerpt":{"rendered":"<p>2 torres de recolha HAC 15m 15 esta\u00e7\u00f5es cada alimentador de fric\u00e7\u00e3o com 40 mm de altura de carga cada Tamanho m\u00e1ximo do papel. 31,8 x 47 mm Tamanho do papel m\u00edn. 14,8 x 21 mm Controlo de folhas em falta\/duplas Gramagens de papel 40 &#8211; 200 g\/m\u00b2 Sa\u00edda aprox. 4800 ciclos\/h<\/p>\n","protected":false},"featured_media":67593,"template":"","meta":[],"product_brand":[],"product_cat":[3043],"product_tag":[],"class_list":{"0":"post-92349","1":"product","2":"type-product","3":"status-publish","4":"has-post-thumbnail","6":"product_cat-maquinas-de-recolha","7":"pa_baujahr-155","8":"pa_hersteller-horizon","9":"pa_typ-hac-15m","11":"first","12":"instock","13":"sold-individually","14":"taxable","15":"shipping-taxable","16":"purchasable","17":"product-type-simple"},"jetpack_sharing_enabled":true,"_links":{"self":[{"href":"https:\/\/www.3p-gmbh.de\/pt-br\/wp-json\/wp\/v2\/product\/92349","targetHints":{"allow":["GET"]}}],"collection":[{"href":"https:\/\/www.3p-gmbh.de\/pt-br\/wp-json\/wp\/v2\/product"}],"about":[{"href":"https:\/\/www.3p-gmbh.de\/pt-br\/wp-json\/wp\/v2\/types\/product"}],"wp:featuredmedia":[{"embeddable":true,"href":"https:\/\/www.3p-gmbh.de\/pt-br\/wp-json\/wp\/v2\/media\/67593"}],"wp:attachment":[{"href":"https:\/\/www.3p-gmbh.de\/pt-br\/wp-json\/wp\/v2\/media?parent=92349"}],"wp:term":[{"taxonomy":"product_brand","embeddable":true,"href":"https:\/\/www.3p-gmbh.de\/pt-br\/wp-json\/wp\/v2\/product_brand?post=92349"},{"taxonomy":"product_cat","embeddable":true,"href":"https:\/\/www.3p-gmbh.de\/pt-br\/wp-json\/wp\/v2\/product_cat?post=92349"},{"taxonomy":"product_tag","embeddable":true,"href":"https:\/\/www.3p-gmbh.de\/pt-br\/wp-json\/wp\/v2\/product_tag?post=92349"}],"curies":[{"name":"wp","href":"https:\/\/api.w.org\/{rel}","templated":true}]}}