{"id":92343,"date":"2019-07-11T13:56:55","date_gmt":"2019-07-11T13:56:55","guid":{"rendered":"https:\/\/www.3p-gmbh.de\/produkt\/torre-de-agrupamento-de-folhas-soltas-horizon-ac-8000-s\/"},"modified":"2019-07-11T13:56:55","modified_gmt":"2019-07-11T13:56:55","slug":"recolha-de-ar-de-aspiracao-de-uma-folha","status":"publish","type":"product","link":"https:\/\/www.3p-gmbh.de\/pt-br\/produkt\/recolha-de-ar-de-aspiracao-de-uma-folha\/","title":{"rendered":"Torre de agrupamento de folhas soltas Horizon AC-8000 S"},"content":{"rendered":"<ul>\n<li>8 esta\u00e7\u00f5es com alimentador de transbordo CF-20<\/li>\n<li>Tamanhos de papel de A5 a A3<\/li>\n<li>Gramagens de aprox. 50 -260 g\/m2<\/li>\n<li>Controlo de folha dupla<\/li>\n<li>funcionamento simples<\/li>\n<li>Espa\u00e7o m\u00ednimo necess\u00e1rio<\/li>\n<li>com bomba DV<\/li>\n<\/ul>\n","protected":false},"excerpt":{"rendered":"<p>8 esta\u00e7\u00f5es com alimentador de transbordo CF-20 Tamanhos de papel de A5 a A3 Gramagens de aprox. 50 -260 g\/m2 Controlo de folha dupla funcionamento simples Espa\u00e7o m\u00ednimo necess\u00e1rio com bomba DV<\/p>\n","protected":false},"featured_media":67575,"template":"","meta":[],"product_brand":[],"product_cat":[3043],"product_tag":[],"class_list":{"0":"post-92343","1":"product","2":"type-product","3":"status-publish","4":"has-post-thumbnail","6":"product_cat-maquinas-de-recolha","7":"pa_baujahr-123","8":"pa_hersteller-horizon","9":"pa_typ-ac-8000-s-mit-cf-20","11":"first","12":"instock","13":"sold-individually","14":"taxable","15":"shipping-taxable","16":"purchasable","17":"product-type-simple"},"jetpack_sharing_enabled":true,"_links":{"self":[{"href":"https:\/\/www.3p-gmbh.de\/pt-br\/wp-json\/wp\/v2\/product\/92343","targetHints":{"allow":["GET"]}}],"collection":[{"href":"https:\/\/www.3p-gmbh.de\/pt-br\/wp-json\/wp\/v2\/product"}],"about":[{"href":"https:\/\/www.3p-gmbh.de\/pt-br\/wp-json\/wp\/v2\/types\/product"}],"wp:featuredmedia":[{"embeddable":true,"href":"https:\/\/www.3p-gmbh.de\/pt-br\/wp-json\/wp\/v2\/media\/67575"}],"wp:attachment":[{"href":"https:\/\/www.3p-gmbh.de\/pt-br\/wp-json\/wp\/v2\/media?parent=92343"}],"wp:term":[{"taxonomy":"product_brand","embeddable":true,"href":"https:\/\/www.3p-gmbh.de\/pt-br\/wp-json\/wp\/v2\/product_brand?post=92343"},{"taxonomy":"product_cat","embeddable":true,"href":"https:\/\/www.3p-gmbh.de\/pt-br\/wp-json\/wp\/v2\/product_cat?post=92343"},{"taxonomy":"product_tag","embeddable":true,"href":"https:\/\/www.3p-gmbh.de\/pt-br\/wp-json\/wp\/v2\/product_tag?post=92343"}],"curies":[{"name":"wp","href":"https:\/\/api.w.org\/{rel}","templated":true}]}}