{"id":92328,"date":"2019-07-11T13:56:55","date_gmt":"2019-07-11T13:56:55","guid":{"rendered":"https:\/\/www.3p-gmbh.de\/produkt\/horizon-vac-100-a-maquina-combinada-de-aspiracao-de-ar\/"},"modified":"2019-07-11T13:56:55","modified_gmt":"2019-07-11T13:56:55","slug":"maquina-de-recolha-de-ar-por-aspiracao-2","status":"publish","type":"product","link":"https:\/\/www.3p-gmbh.de\/pt-br\/produkt\/maquina-de-recolha-de-ar-por-aspiracao-2\/","title":{"rendered":"Horizon VAC 100 a M\u00e1quina combinada de aspira\u00e7\u00e3o de ar"},"content":{"rendered":"<ul>\n<li>10 esta\u00e7\u00f5es Coladeira Horizon VAC 100a com jogger PJ 77<\/li>\n<li>Ano de fabrico 2007<\/li>\n<li>Velocidade: at\u00e9 5.000 ciclos\/h com 20 esta\u00e7\u00f5es<\/li>\n<li>Dete\u00e7\u00e3o de erros: folha em falta, folha dupla, encravamento<\/li>\n<li>Controlo das fun\u00e7\u00f5es da m\u00e1quina atrav\u00e9s do ecr\u00e3 t\u00e1til<\/li>\n<li>para pap\u00e9is na gama de gramagem 50-210g\/m\u00b2<\/li>\n<li>Gama de formatos de 148 x 148 mm a 350 x 500 mm<\/li>\n<li>Altura de empilhamento de 55 mm por compartimento<\/li>\n<li>Gramagem do material 80-300 g\/m2<\/li>\n<li>Compressor EAB-100<\/li>\n<\/ul>\n<p>Como op\u00e7\u00e3o: Torre de extens\u00e3o para a m\u00e1quina de recolha Horizon VAC 100m<\/p>\n","protected":false},"excerpt":{"rendered":"<p>10 esta\u00e7\u00f5es Coladeira Horizon VAC 100a com jogger PJ 77 Ano de fabrico 2007 Velocidade: at\u00e9 5.000 ciclos\/h com 20 esta\u00e7\u00f5es Dete\u00e7\u00e3o de erros: folha em falta, folha dupla, encravamento Controlo das fun\u00e7\u00f5es da m\u00e1quina atrav\u00e9s do ecr\u00e3 t\u00e1til para pap\u00e9is na gama de gramagem 50-210g\/m\u00b2 Gama de formatos de 148 x 148 mm a [&hellip;]<\/p>\n","protected":false},"featured_media":67500,"template":"","meta":[],"product_brand":[],"product_cat":[3043],"product_tag":[],"class_list":{"0":"post-92328","1":"product","2":"type-product","3":"status-publish","4":"has-post-thumbnail","6":"product_cat-maquinas-de-recolha","7":"pa_baujahr-140","8":"pa_hersteller-horizon","9":"pa_typ-vac-100a","11":"first","12":"instock","13":"sold-individually","14":"taxable","15":"shipping-taxable","16":"purchasable","17":"product-type-simple"},"jetpack_sharing_enabled":true,"_links":{"self":[{"href":"https:\/\/www.3p-gmbh.de\/pt-br\/wp-json\/wp\/v2\/product\/92328","targetHints":{"allow":["GET"]}}],"collection":[{"href":"https:\/\/www.3p-gmbh.de\/pt-br\/wp-json\/wp\/v2\/product"}],"about":[{"href":"https:\/\/www.3p-gmbh.de\/pt-br\/wp-json\/wp\/v2\/types\/product"}],"wp:featuredmedia":[{"embeddable":true,"href":"https:\/\/www.3p-gmbh.de\/pt-br\/wp-json\/wp\/v2\/media\/67500"}],"wp:attachment":[{"href":"https:\/\/www.3p-gmbh.de\/pt-br\/wp-json\/wp\/v2\/media?parent=92328"}],"wp:term":[{"taxonomy":"product_brand","embeddable":true,"href":"https:\/\/www.3p-gmbh.de\/pt-br\/wp-json\/wp\/v2\/product_brand?post=92328"},{"taxonomy":"product_cat","embeddable":true,"href":"https:\/\/www.3p-gmbh.de\/pt-br\/wp-json\/wp\/v2\/product_cat?post=92328"},{"taxonomy":"product_tag","embeddable":true,"href":"https:\/\/www.3p-gmbh.de\/pt-br\/wp-json\/wp\/v2\/product_tag?post=92328"}],"curies":[{"name":"wp","href":"https:\/\/api.w.org\/{rel}","templated":true}]}}