{"id":92323,"date":"2019-07-11T13:57:02","date_gmt":"2019-07-11T13:57:02","guid":{"rendered":"https:\/\/www.3p-gmbh.de\/produkt\/ehlermann-ztm-222-maquina-de-colagem-de-camada-de-assinatura\/"},"modified":"2019-07-11T13:57:02","modified_gmt":"2019-07-11T13:57:02","slug":"colador-de-camadas-de-assinatura","status":"publish","type":"product","link":"https:\/\/www.3p-gmbh.de\/pt-br\/produkt\/colador-de-camadas-de-assinatura\/","title":{"rendered":"Ehlermann ZTM 222 M\u00e1quina de colagem de camada de assinatura"},"content":{"rendered":"<ul>\n<li>Alceadeira de camadas com 14 esta\u00e7\u00f5es e alimenta\u00e7\u00e3o manual Ehlermann (sucessor de Wohlenberg) ZTM 222<\/li>\n<li>com controlo de folha em falta, controlo de espessura<\/li>\n<li>Ano de constru\u00e7\u00e3o 1974, convertido para servo-acionamento em 2000<\/li>\n<li>Formato m\u00e1ximo 320 x 360 mm<\/li>\n<li>Formato m\u00edn. 70 x 105 mm<\/li>\n<li>Velocidade 5100 ciclos<\/li>\n<\/ul>\n","protected":false},"excerpt":{"rendered":"<p>Alceadeira de camadas com 14 esta\u00e7\u00f5es e alimenta\u00e7\u00e3o manual Ehlermann (sucessor de Wohlenberg) ZTM 222 com controlo de folha em falta, controlo de espessura Ano de constru\u00e7\u00e3o 1974, convertido para servo-acionamento em 2000 Formato m\u00e1ximo 320 x 360 mm Formato m\u00edn. 70 x 105 mm Velocidade 5100 ciclos<\/p>\n","protected":false},"featured_media":67632,"template":"","meta":[],"product_brand":[],"product_cat":[3043],"product_tag":[],"class_list":{"0":"post-92323","1":"product","2":"type-product","3":"status-publish","4":"has-post-thumbnail","6":"product_cat-maquinas-de-recolha","7":"pa_baujahr-1066","8":"pa_hersteller-ehlermann-wohlenberg","9":"pa_typ-ztm-222","11":"first","12":"instock","13":"sold-individually","14":"taxable","15":"shipping-taxable","16":"purchasable","17":"product-type-simple"},"jetpack_sharing_enabled":true,"_links":{"self":[{"href":"https:\/\/www.3p-gmbh.de\/pt-br\/wp-json\/wp\/v2\/product\/92323","targetHints":{"allow":["GET"]}}],"collection":[{"href":"https:\/\/www.3p-gmbh.de\/pt-br\/wp-json\/wp\/v2\/product"}],"about":[{"href":"https:\/\/www.3p-gmbh.de\/pt-br\/wp-json\/wp\/v2\/types\/product"}],"wp:featuredmedia":[{"embeddable":true,"href":"https:\/\/www.3p-gmbh.de\/pt-br\/wp-json\/wp\/v2\/media\/67632"}],"wp:attachment":[{"href":"https:\/\/www.3p-gmbh.de\/pt-br\/wp-json\/wp\/v2\/media?parent=92323"}],"wp:term":[{"taxonomy":"product_brand","embeddable":true,"href":"https:\/\/www.3p-gmbh.de\/pt-br\/wp-json\/wp\/v2\/product_brand?post=92323"},{"taxonomy":"product_cat","embeddable":true,"href":"https:\/\/www.3p-gmbh.de\/pt-br\/wp-json\/wp\/v2\/product_cat?post=92323"},{"taxonomy":"product_tag","embeddable":true,"href":"https:\/\/www.3p-gmbh.de\/pt-br\/wp-json\/wp\/v2\/product_tag?post=92323"}],"curies":[{"name":"wp","href":"https:\/\/api.w.org\/{rel}","templated":true}]}}