{"id":92311,"date":"2019-07-11T13:57:04","date_gmt":"2019-07-11T13:57:04","guid":{"rendered":"https:\/\/www.3p-gmbh.de\/produkt\/encadernadoras-adesivas-schmedt-praecoll-lumbeckfan\/"},"modified":"2019-07-11T13:57:04","modified_gmt":"2019-07-11T13:57:04","slug":"laco-adesivo-para-ventilador-lumbeck","status":"publish","type":"product","link":"https:\/\/www.3p-gmbh.de\/pt-br\/produkt\/laco-adesivo-para-ventilador-lumbeck\/","title":{"rendered":"Encadernadoras adesivas Schmedt Pr\u00e4Coll LumbeckFan"},"content":{"rendered":"<p>Lumbecken &#8211; Encaderna\u00e7\u00e3o com cola em leque com o dispositivo de encaderna\u00e7\u00e3o com cola Schmedt Pr\u00e4Coll<\/p>\n<ul>\n<li>com m\u00e1quina de colagem integrada, placa vibrat\u00f3ria e madeiras redondas<\/li>\n<li>com 6 pin\u00e7as secas (pin\u00e7as r\u00e1pidas)<\/li>\n<li>m\u00e1ximo. Espessura do bloco de livros: aprox. 80 mm<\/li>\n<li>m\u00e1ximo. Altura do bloco: 345 mm<\/li>\n<li>230 V<\/li>\n<\/ul>\n","protected":false},"excerpt":{"rendered":"<p>Lumbecken &#8211; Encaderna\u00e7\u00e3o com cola em leque com o dispositivo de encaderna\u00e7\u00e3o com cola Schmedt Pr\u00e4Coll com m\u00e1quina de colagem integrada, placa vibrat\u00f3ria e madeiras redondas com 6 pin\u00e7as secas (pin\u00e7as r\u00e1pidas) m\u00e1ximo. Espessura do bloco de livros: aprox. 80 mm m\u00e1ximo. Altura do bloco: 345 mm 230 V<\/p>\n","protected":false},"featured_media":92313,"template":"","meta":[],"product_brand":[],"product_cat":[2892],"product_tag":[],"class_list":{"0":"post-92311","1":"product","2":"type-product","3":"status-publish","4":"has-post-thumbnail","6":"product_cat-encadernacao-de-sortido","7":"pa_hersteller-schmedt","8":"pa_typ-praecoll","10":"first","11":"instock","12":"sold-individually","13":"taxable","14":"shipping-taxable","15":"purchasable","16":"product-type-simple"},"jetpack_sharing_enabled":true,"_links":{"self":[{"href":"https:\/\/www.3p-gmbh.de\/pt-br\/wp-json\/wp\/v2\/product\/92311","targetHints":{"allow":["GET"]}}],"collection":[{"href":"https:\/\/www.3p-gmbh.de\/pt-br\/wp-json\/wp\/v2\/product"}],"about":[{"href":"https:\/\/www.3p-gmbh.de\/pt-br\/wp-json\/wp\/v2\/types\/product"}],"wp:featuredmedia":[{"embeddable":true,"href":"https:\/\/www.3p-gmbh.de\/pt-br\/wp-json\/wp\/v2\/media\/92313"}],"wp:attachment":[{"href":"https:\/\/www.3p-gmbh.de\/pt-br\/wp-json\/wp\/v2\/media?parent=92311"}],"wp:term":[{"taxonomy":"product_brand","embeddable":true,"href":"https:\/\/www.3p-gmbh.de\/pt-br\/wp-json\/wp\/v2\/product_brand?post=92311"},{"taxonomy":"product_cat","embeddable":true,"href":"https:\/\/www.3p-gmbh.de\/pt-br\/wp-json\/wp\/v2\/product_cat?post=92311"},{"taxonomy":"product_tag","embeddable":true,"href":"https:\/\/www.3p-gmbh.de\/pt-br\/wp-json\/wp\/v2\/product_tag?post=92311"}],"curies":[{"name":"wp","href":"https:\/\/api.w.org\/{rel}","templated":true}]}}