{"id":92286,"date":"2019-07-11T13:57:04","date_gmt":"2019-07-11T13:57:04","guid":{"rendered":"https:\/\/www.3p-gmbh.de\/produkt\/maquina-de-colagem-de-blocos-muero-4-x-5000-a\/"},"modified":"2019-07-11T13:57:04","modified_gmt":"2019-07-11T13:57:04","slug":"sistema-de-colagem-de-blocos","status":"publish","type":"product","link":"https:\/\/www.3p-gmbh.de\/pt-br\/produkt\/sistema-de-colagem-de-blocos\/","title":{"rendered":"M\u00e1quina de colagem de blocos M\u00fcro 4 x 5000 A"},"content":{"rendered":"<ul>\n<li>para a produ\u00e7\u00e3o em massa de conjuntos de formul\u00e1rios, brochuras, cat\u00e1logos, cart\u00f5es de pesagem, calend\u00e1rios, blocos de notas em blocos, blocos de emerg\u00eancia, blocos de recibos, blocos de notas e cubos de notas<\/li>\n<li>4 prensas com uma altura de empilhamento de 50 cm cada numa placa de base rotativa, portanto, grande capacidade de recolha e modo de funcionamento cont\u00ednuo<\/li>\n<li>Empilhamento preciso e r\u00e1pido em posi\u00e7\u00e3o inclinada das prensas<\/li>\n<li>Enquanto uma prensa est\u00e1 a ser carregada, o material de encaderna\u00e7\u00e3o j\u00e1 est\u00e1 a secar e a arrefecer nas outras prensas.<\/li>\n<li>Press\u00e3o de prensagem vari\u00e1vel &#8211; importante para a colagem auto-separadora de conjuntos de formul\u00e1rios, bem como para a fresagem de ranhuras de brochuras e cart\u00f5es de pesagem<\/li>\n<li>Altura de empilhamento: 52,5cm<\/li>\n<li>Largura da prensa: 35 cm<\/li>\n<li>Profundidade da prensa: 32 cm<\/li>\n<li>Espa\u00e7o necess\u00e1rio em a\u00e7\u00e3o: aprox. 1,4 x 1,4 m<\/li>\n<\/ul>\n","protected":false},"excerpt":{"rendered":"<p>para a produ\u00e7\u00e3o em massa de conjuntos de formul\u00e1rios, brochuras, cat\u00e1logos, cart\u00f5es de pesagem, calend\u00e1rios, blocos de notas em blocos, blocos de emerg\u00eancia, blocos de recibos, blocos de notas e cubos de notas 4 prensas com uma altura de empilhamento de 50 cm cada numa placa de base rotativa, portanto, grande capacidade de recolha e [&hellip;]<\/p>\n","protected":false},"featured_media":67785,"template":"","meta":[],"product_brand":[],"product_cat":[2892],"product_tag":[],"class_list":{"0":"post-92286","1":"product","2":"type-product","3":"status-publish","4":"has-post-thumbnail","6":"product_cat-encadernacao-de-sortido","7":"pa_baujahr-198","8":"pa_hersteller-muero","9":"pa_typ-4-x-5000-a","11":"first","12":"instock","13":"sold-individually","14":"taxable","15":"shipping-taxable","16":"purchasable","17":"product-type-simple"},"jetpack_sharing_enabled":true,"_links":{"self":[{"href":"https:\/\/www.3p-gmbh.de\/pt-br\/wp-json\/wp\/v2\/product\/92286","targetHints":{"allow":["GET"]}}],"collection":[{"href":"https:\/\/www.3p-gmbh.de\/pt-br\/wp-json\/wp\/v2\/product"}],"about":[{"href":"https:\/\/www.3p-gmbh.de\/pt-br\/wp-json\/wp\/v2\/types\/product"}],"wp:featuredmedia":[{"embeddable":true,"href":"https:\/\/www.3p-gmbh.de\/pt-br\/wp-json\/wp\/v2\/media\/67785"}],"wp:attachment":[{"href":"https:\/\/www.3p-gmbh.de\/pt-br\/wp-json\/wp\/v2\/media?parent=92286"}],"wp:term":[{"taxonomy":"product_brand","embeddable":true,"href":"https:\/\/www.3p-gmbh.de\/pt-br\/wp-json\/wp\/v2\/product_brand?post=92286"},{"taxonomy":"product_cat","embeddable":true,"href":"https:\/\/www.3p-gmbh.de\/pt-br\/wp-json\/wp\/v2\/product_cat?post=92286"},{"taxonomy":"product_tag","embeddable":true,"href":"https:\/\/www.3p-gmbh.de\/pt-br\/wp-json\/wp\/v2\/product_tag?post=92286"}],"curies":[{"name":"wp","href":"https:\/\/api.w.org\/{rel}","templated":true}]}}