{"id":92284,"date":"2019-07-11T13:57:04","date_gmt":"2019-07-11T13:57:04","guid":{"rendered":"https:\/\/www.3p-gmbh.de\/produkt\/maquina-de-tracao-sumbel-regent-1000\/"},"modified":"2019-07-11T13:57:04","modified_gmt":"2019-07-11T13:57:04","slug":"maquina-de-conducao","status":"publish","type":"product","link":"https:\/\/www.3p-gmbh.de\/pt-br\/produkt\/maquina-de-conducao\/","title":{"rendered":"M\u00e1quina de tra\u00e7\u00e3o Sumbel Regent 1000"},"content":{"rendered":"<ul>\n<li>M\u00e1quina de prensagem para todos os trabalhos de revestimento e lamina\u00e7\u00e3o para uma prensagem r\u00e1pida, limpa e uniforme de capas de livros, pastas, cartazes, expositores, etc.<\/li>\n<li>Velocidade infinitamente vari\u00e1vel<\/li>\n<li>Acionamento do motor 230 V<\/li>\n<li>Ajuste das espessuras de material de 0-30 mm com ajuste fino adicional da press\u00e3o de contacto<\/li>\n<li>Largura do rolo 1000 mm<\/li>\n<\/ul>\n","protected":false},"excerpt":{"rendered":"<p>M\u00e1quina de prensagem para todos os trabalhos de revestimento e lamina\u00e7\u00e3o para uma prensagem r\u00e1pida, limpa e uniforme de capas de livros, pastas, cartazes, expositores, etc. Velocidade infinitamente vari\u00e1vel Acionamento do motor 230 V Ajuste das espessuras de material de 0-30 mm com ajuste fino adicional da press\u00e3o de contacto Largura do rolo 1000 mm<\/p>\n","protected":false},"featured_media":67794,"template":"","meta":[],"product_brand":[],"product_cat":[2892],"product_tag":[],"class_list":{"0":"post-92284","1":"product","2":"type-product","3":"status-publish","4":"has-post-thumbnail","6":"product_cat-encadernacao-de-sortido","7":"pa_baujahr-153","8":"pa_hersteller-sumbel-herold","9":"pa_typ-regent-1000","11":"first","12":"instock","13":"sold-individually","14":"taxable","15":"shipping-taxable","16":"purchasable","17":"product-type-simple"},"jetpack_sharing_enabled":true,"_links":{"self":[{"href":"https:\/\/www.3p-gmbh.de\/pt-br\/wp-json\/wp\/v2\/product\/92284","targetHints":{"allow":["GET"]}}],"collection":[{"href":"https:\/\/www.3p-gmbh.de\/pt-br\/wp-json\/wp\/v2\/product"}],"about":[{"href":"https:\/\/www.3p-gmbh.de\/pt-br\/wp-json\/wp\/v2\/types\/product"}],"wp:featuredmedia":[{"embeddable":true,"href":"https:\/\/www.3p-gmbh.de\/pt-br\/wp-json\/wp\/v2\/media\/67794"}],"wp:attachment":[{"href":"https:\/\/www.3p-gmbh.de\/pt-br\/wp-json\/wp\/v2\/media?parent=92284"}],"wp:term":[{"taxonomy":"product_brand","embeddable":true,"href":"https:\/\/www.3p-gmbh.de\/pt-br\/wp-json\/wp\/v2\/product_brand?post=92284"},{"taxonomy":"product_cat","embeddable":true,"href":"https:\/\/www.3p-gmbh.de\/pt-br\/wp-json\/wp\/v2\/product_cat?post=92284"},{"taxonomy":"product_tag","embeddable":true,"href":"https:\/\/www.3p-gmbh.de\/pt-br\/wp-json\/wp\/v2\/product_tag?post=92284"}],"curies":[{"name":"wp","href":"https:\/\/api.w.org\/{rel}","templated":true}]}}