{"id":92276,"date":"2019-07-11T13:57:04","date_gmt":"2019-07-11T13:57:04","guid":{"rendered":"https:\/\/www.3p-gmbh.de\/produkt\/horizon-ht-30-autom-aparador-rotativo-de-tres-laminas\/"},"modified":"2019-07-11T13:57:04","modified_gmt":"2019-07-11T13:57:04","slug":"cortador-rotativo-automatico-de-tres-laminas-2","status":"publish","type":"product","link":"https:\/\/www.3p-gmbh.de\/pt-br\/produkt\/cortador-rotativo-automatico-de-tres-laminas-2\/","title":{"rendered":"Horizon HT-30 autom. Aparador rotativo de tr\u00eas l\u00e2minas"},"content":{"rendered":"<p>A sua rentabilidade faz desta guilhotina de tr\u00eas l\u00e2minas uma verdadeira alternativa \u00e0s guilhotinas de tr\u00eas l\u00e2minas para o processamento offline de pequenas s\u00e9ries. Trabalha de forma totalmente aut\u00f3noma e sem supervis\u00e3o. Basta introduzir os formatos dos livros no ecr\u00e3 t\u00e1til, bem como o n\u00famero de livros para a opera\u00e7\u00e3o &#8211; a m\u00e1quina faz o resto.<br \/>\nA HT-30 corta os livros em tr\u00eas lados: de forma limpa, precisa &#8211; com apenas uma faca, sempre sem danos na encaderna\u00e7\u00e3o.<\/p>\n<ul>\n<li>com funcionamento por ecr\u00e3 t\u00e1til e de trabalho<\/li>\n<li>Velocidade 220 &#8211; 520 ciclos\/h<\/li>\n<li>Press\u00e3o de contacto 1,5 &#8211; 8 kN<\/li>\n<li>Dimens\u00f5es da m\u00e1quina 2.350 x 1.160 x 1.370 mm (L x P x A)<\/li>\n<li>m\u00e1ximo. Formato n\u00e3o recortado 320 x 235 mm<\/li>\n<li>min. Formato n\u00e3o revestido 200 x 134 mm<\/li>\n<li>m\u00e1ximo. Formato recortado 305 x 230 mm<\/li>\n<li>min. Formato recortado 200 x 134 mm<\/li>\n<li>m\u00e1ximo. Espessura do bloco 51mm<\/li>\n<\/ul>\n","protected":false},"excerpt":{"rendered":"<p>A sua rentabilidade faz desta guilhotina de tr\u00eas l\u00e2minas uma verdadeira alternativa \u00e0s guilhotinas de tr\u00eas l\u00e2minas para o processamento offline de pequenas s\u00e9ries. Trabalha de forma totalmente aut\u00f3noma e sem supervis\u00e3o. Basta introduzir os formatos dos livros no ecr\u00e3 t\u00e1til, bem como o n\u00famero de livros para a opera\u00e7\u00e3o &#8211; a m\u00e1quina faz o [&hellip;]<\/p>\n","protected":false},"featured_media":67689,"template":"","meta":[],"product_brand":[],"product_cat":[3017],"product_tag":[],"class_list":{"0":"post-92276","1":"product","2":"type-product","3":"status-publish","4":"has-post-thumbnail","6":"product_cat-maquinas-de-corte","7":"pa_baujahr-168","8":"pa_hersteller-horizon","9":"pa_typ-ht-30","11":"first","12":"instock","13":"sold-individually","14":"taxable","15":"shipping-taxable","16":"purchasable","17":"product-type-simple"},"jetpack_sharing_enabled":true,"_links":{"self":[{"href":"https:\/\/www.3p-gmbh.de\/pt-br\/wp-json\/wp\/v2\/product\/92276","targetHints":{"allow":["GET"]}}],"collection":[{"href":"https:\/\/www.3p-gmbh.de\/pt-br\/wp-json\/wp\/v2\/product"}],"about":[{"href":"https:\/\/www.3p-gmbh.de\/pt-br\/wp-json\/wp\/v2\/types\/product"}],"wp:featuredmedia":[{"embeddable":true,"href":"https:\/\/www.3p-gmbh.de\/pt-br\/wp-json\/wp\/v2\/media\/67689"}],"wp:attachment":[{"href":"https:\/\/www.3p-gmbh.de\/pt-br\/wp-json\/wp\/v2\/media?parent=92276"}],"wp:term":[{"taxonomy":"product_brand","embeddable":true,"href":"https:\/\/www.3p-gmbh.de\/pt-br\/wp-json\/wp\/v2\/product_brand?post=92276"},{"taxonomy":"product_cat","embeddable":true,"href":"https:\/\/www.3p-gmbh.de\/pt-br\/wp-json\/wp\/v2\/product_cat?post=92276"},{"taxonomy":"product_tag","embeddable":true,"href":"https:\/\/www.3p-gmbh.de\/pt-br\/wp-json\/wp\/v2\/product_tag?post=92276"}],"curies":[{"name":"wp","href":"https:\/\/api.w.org\/{rel}","templated":true}]}}