{"id":92267,"date":"2019-07-11T13:57:04","date_gmt":"2019-07-11T13:57:04","guid":{"rendered":"https:\/\/www.3p-gmbh.de\/produkt\/aparador-de-tres-laminas-sperr-lechner-splek-hydromat\/"},"modified":"2019-07-11T13:57:04","modified_gmt":"2019-07-11T13:57:04","slug":"maquina-de-venda-automatica-de-tres-facas","status":"publish","type":"product","link":"https:\/\/www.3p-gmbh.de\/pt-br\/produkt\/maquina-de-venda-automatica-de-tres-facas\/","title":{"rendered":"Aparador de tr\u00eas l\u00e2minas Sperr &amp; Lechner Splek Hydromat"},"content":{"rendered":"<ul>\n<li>Aparador de tr\u00eas l\u00e2minas com op\u00e7\u00e3o para aparar 4 lados<\/li>\n<li>Ano de fabrico 1999<\/li>\n<li>poucas horas de funcionamento<\/li>\n<li>Gama de formatos m\u00e1x. 460&#215;350 mm, min. 70&#215;50 mm<\/li>\n<li>Altura de empilhamento: m\u00e1x. 120 mm<\/li>\n<li>Sa\u00edda: at\u00e9 25 ciclos\/min.<\/li>\n<\/ul>\n","protected":false},"excerpt":{"rendered":"<p>Aparador de tr\u00eas l\u00e2minas com op\u00e7\u00e3o para aparar 4 lados Ano de fabrico 1999 poucas horas de funcionamento Gama de formatos m\u00e1x. 460&#215;350 mm, min. 70&#215;50 mm Altura de empilhamento: m\u00e1x. 120 mm Sa\u00edda: at\u00e9 25 ciclos\/min.<\/p>\n","protected":false},"featured_media":70977,"template":"","meta":[],"product_brand":[],"product_cat":[3017],"product_tag":[],"class_list":{"0":"post-92267","1":"product","2":"type-product","3":"status-publish","4":"has-post-thumbnail","6":"product_cat-maquinas-de-corte","7":"pa_baujahr-158","8":"pa_hersteller-sperr-lechner","9":"pa_typ-splek-hydromat","11":"first","12":"instock","13":"sold-individually","14":"taxable","15":"shipping-taxable","16":"purchasable","17":"product-type-simple"},"jetpack_sharing_enabled":true,"_links":{"self":[{"href":"https:\/\/www.3p-gmbh.de\/pt-br\/wp-json\/wp\/v2\/product\/92267","targetHints":{"allow":["GET"]}}],"collection":[{"href":"https:\/\/www.3p-gmbh.de\/pt-br\/wp-json\/wp\/v2\/product"}],"about":[{"href":"https:\/\/www.3p-gmbh.de\/pt-br\/wp-json\/wp\/v2\/types\/product"}],"wp:featuredmedia":[{"embeddable":true,"href":"https:\/\/www.3p-gmbh.de\/pt-br\/wp-json\/wp\/v2\/media\/70977"}],"wp:attachment":[{"href":"https:\/\/www.3p-gmbh.de\/pt-br\/wp-json\/wp\/v2\/media?parent=92267"}],"wp:term":[{"taxonomy":"product_brand","embeddable":true,"href":"https:\/\/www.3p-gmbh.de\/pt-br\/wp-json\/wp\/v2\/product_brand?post=92267"},{"taxonomy":"product_cat","embeddable":true,"href":"https:\/\/www.3p-gmbh.de\/pt-br\/wp-json\/wp\/v2\/product_cat?post=92267"},{"taxonomy":"product_tag","embeddable":true,"href":"https:\/\/www.3p-gmbh.de\/pt-br\/wp-json\/wp\/v2\/product_tag?post=92267"}],"curies":[{"name":"wp","href":"https:\/\/api.w.org\/{rel}","templated":true}]}}