{"id":92257,"date":"2019-07-11T13:57:04","date_gmt":"2019-07-11T13:57:04","guid":{"rendered":"https:\/\/www.3p-gmbh.de\/produkt\/maquina-de-perfuracao-e-encadernacao-renz-combi-s\/"},"modified":"2019-07-11T13:57:04","modified_gmt":"2019-07-11T13:57:04","slug":"maquina-de-encadernacao-com-puncao-de-plastico","status":"publish","type":"product","link":"https:\/\/www.3p-gmbh.de\/pt-br\/produkt\/maquina-de-encadernacao-com-puncao-de-plastico\/","title":{"rendered":"M\u00e1quina de perfura\u00e7\u00e3o e encaderna\u00e7\u00e3o Renz Combi S"},"content":{"rendered":"<ul>\n<li>M\u00e1quina de encaderna\u00e7\u00e3o de pl\u00e1stico DIN A4<\/li>\n<li>Capacidade 500 folhas<\/li>\n<li>Largura de trabalho: A4 (340 mm)<\/li>\n<li>Capacidade de encaderna\u00e7\u00e3o: 500 folhas<\/li>\n<li>Capacidade de perfura\u00e7\u00e3o: 25 folhas<\/li>\n<li>Passo: Passo americano para 21 an\u00e9is (m\u00e1x. 24 an\u00e9is)<\/li>\n<li>m\u00e1ximo. Di\u00e2metro da lombada da encaderna\u00e7\u00e3o: 50 mm<\/li>\n<li>Paragem lateral do papel: vari\u00e1vel<\/li>\n<li>Alavancas de perfura\u00e7\u00e3o desengat\u00e1veis individualmente<\/li>\n<li>dist\u00e2ncia entre bordos ajust\u00e1vel<\/li>\n<li>Dispositivo de medi\u00e7\u00e3o de documentos<\/li>\n<li>Contentor de res\u00edduos de perfura\u00e7\u00e3o<\/li>\n<li>adi\u00e7\u00e3o subsequente<\/li>\n<li>\u00c9 poss\u00edvel trocar e remover p\u00e1ginas<\/li>\n<\/ul>\n","protected":false},"excerpt":{"rendered":"<p>M\u00e1quina de encaderna\u00e7\u00e3o de pl\u00e1stico DIN A4 Capacidade 500 folhas Largura de trabalho: A4 (340 mm) Capacidade de encaderna\u00e7\u00e3o: 500 folhas Capacidade de perfura\u00e7\u00e3o: 25 folhas Passo: Passo americano para 21 an\u00e9is (m\u00e1x. 24 an\u00e9is) m\u00e1ximo. Di\u00e2metro da lombada da encaderna\u00e7\u00e3o: 50 mm Paragem lateral do papel: vari\u00e1vel Alavancas de perfura\u00e7\u00e3o desengat\u00e1veis individualmente dist\u00e2ncia entre [&hellip;]<\/p>\n","protected":false},"featured_media":67656,"template":"","meta":[],"product_brand":[],"product_cat":[2856],"product_tag":[],"class_list":{"0":"post-92257","1":"product","2":"type-product","3":"status-publish","4":"has-post-thumbnail","6":"product_cat-maquinas-de-encadernacao-de-fios","7":"pa_baujahr-137","8":"pa_hersteller-christian-renz","9":"pa_typ-combi-s","11":"first","12":"instock","13":"sold-individually","14":"taxable","15":"shipping-taxable","16":"purchasable","17":"product-type-simple"},"jetpack_sharing_enabled":true,"_links":{"self":[{"href":"https:\/\/www.3p-gmbh.de\/pt-br\/wp-json\/wp\/v2\/product\/92257","targetHints":{"allow":["GET"]}}],"collection":[{"href":"https:\/\/www.3p-gmbh.de\/pt-br\/wp-json\/wp\/v2\/product"}],"about":[{"href":"https:\/\/www.3p-gmbh.de\/pt-br\/wp-json\/wp\/v2\/types\/product"}],"wp:featuredmedia":[{"embeddable":true,"href":"https:\/\/www.3p-gmbh.de\/pt-br\/wp-json\/wp\/v2\/media\/67656"}],"wp:attachment":[{"href":"https:\/\/www.3p-gmbh.de\/pt-br\/wp-json\/wp\/v2\/media?parent=92257"}],"wp:term":[{"taxonomy":"product_brand","embeddable":true,"href":"https:\/\/www.3p-gmbh.de\/pt-br\/wp-json\/wp\/v2\/product_brand?post=92257"},{"taxonomy":"product_cat","embeddable":true,"href":"https:\/\/www.3p-gmbh.de\/pt-br\/wp-json\/wp\/v2\/product_cat?post=92257"},{"taxonomy":"product_tag","embeddable":true,"href":"https:\/\/www.3p-gmbh.de\/pt-br\/wp-json\/wp\/v2\/product_tag?post=92257"}],"curies":[{"name":"wp","href":"https:\/\/api.w.org\/{rel}","templated":true}]}}