{"id":92251,"date":"2019-07-11T13:57:16","date_gmt":"2019-07-11T13:57:16","guid":{"rendered":"https:\/\/www.3p-gmbh.de\/produkt\/elevador-de-paletes-evert-butler-1200\/"},"modified":"2019-07-11T13:57:16","modified_gmt":"2019-07-11T13:57:16","slug":"elevador-de-paletes-3","status":"publish","type":"product","link":"https:\/\/www.3p-gmbh.de\/pt-br\/produkt\/elevador-de-paletes-3\/","title":{"rendered":"Elevador de paletes Evert Butler 1200"},"content":{"rendered":"<ul>\n<li>Mant\u00e9m as paletes \u00e0 altura ideal de trabalho<\/li>\n<li>A eleva\u00e7\u00e3o e a descida s\u00e3o efectuadas atrav\u00e9s de bot\u00f5es de press\u00e3o<\/li>\n<li>As rodas permitem um transporte f\u00e1cil para o local de trabalho<\/li>\n<li>Comprimento do garfo 1100 mm, adequado para paletes Euro standard<\/li>\n<li>Peso pr\u00f3prio: 330 kg<\/li>\n<li>Capacidade de carga: 1200 kg<\/li>\n<li>Altura de eleva\u00e7\u00e3o: 1000 mm<\/li>\n<li>Alimenta\u00e7\u00e3o el\u00e9ctrica: 380 V<\/li>\n<\/ul>\n","protected":false},"excerpt":{"rendered":"<p>Mant\u00e9m as paletes \u00e0 altura ideal de trabalho A eleva\u00e7\u00e3o e a descida s\u00e3o efectuadas atrav\u00e9s de bot\u00f5es de press\u00e3o As rodas permitem um transporte f\u00e1cil para o local de trabalho Comprimento do garfo 1100 mm, adequado para paletes Euro standard Peso pr\u00f3prio: 330 kg Capacidade de carga: 1200 kg Altura de eleva\u00e7\u00e3o: 1000 mm [&hellip;]<\/p>\n","protected":false},"featured_media":68010,"template":"","meta":[],"product_brand":[],"product_cat":[2978],"product_tag":[],"class_list":{"0":"post-92251","1":"product","2":"type-product","3":"status-publish","4":"has-post-thumbnail","6":"product_cat-elevadores-de-pilha-e-elevadores-de-pilha","7":"pa_baujahr-266","8":"pa_hersteller-evert","9":"pa_typ-butler-1200","11":"first","12":"instock","13":"sold-individually","14":"taxable","15":"shipping-taxable","16":"purchasable","17":"product-type-simple"},"jetpack_sharing_enabled":true,"_links":{"self":[{"href":"https:\/\/www.3p-gmbh.de\/pt-br\/wp-json\/wp\/v2\/product\/92251","targetHints":{"allow":["GET"]}}],"collection":[{"href":"https:\/\/www.3p-gmbh.de\/pt-br\/wp-json\/wp\/v2\/product"}],"about":[{"href":"https:\/\/www.3p-gmbh.de\/pt-br\/wp-json\/wp\/v2\/types\/product"}],"wp:featuredmedia":[{"embeddable":true,"href":"https:\/\/www.3p-gmbh.de\/pt-br\/wp-json\/wp\/v2\/media\/68010"}],"wp:attachment":[{"href":"https:\/\/www.3p-gmbh.de\/pt-br\/wp-json\/wp\/v2\/media?parent=92251"}],"wp:term":[{"taxonomy":"product_brand","embeddable":true,"href":"https:\/\/www.3p-gmbh.de\/pt-br\/wp-json\/wp\/v2\/product_brand?post=92251"},{"taxonomy":"product_cat","embeddable":true,"href":"https:\/\/www.3p-gmbh.de\/pt-br\/wp-json\/wp\/v2\/product_cat?post=92251"},{"taxonomy":"product_tag","embeddable":true,"href":"https:\/\/www.3p-gmbh.de\/pt-br\/wp-json\/wp\/v2\/product_tag?post=92251"}],"curies":[{"name":"wp","href":"https:\/\/api.w.org\/{rel}","templated":true}]}}