{"id":92244,"date":"2019-07-11T13:57:16","date_gmt":"2019-07-11T13:57:16","guid":{"rendered":"https:\/\/www.3p-gmbh.de\/produkt\/duerselen-corta-pb-04-maquina-de-perfuracao-de-papel-de-quatro-fusos\/"},"modified":"2019-07-11T13:57:16","modified_gmt":"2019-07-11T13:57:16","slug":"maquina-de-perfuracao-industrial-de-quatro-eixos-para-papel","status":"publish","type":"product","link":"https:\/\/www.3p-gmbh.de\/pt-br\/produkt\/maquina-de-perfuracao-industrial-de-quatro-eixos-para-papel\/","title":{"rendered":"D\u00fcrselen Corta PB-04 m\u00e1quina de perfura\u00e7\u00e3o de papel de quatro fusos"},"content":{"rendered":"<p><strong>M\u00e1quina de perfura\u00e7\u00e3o de papel de 4 eixos D\u00fcrselen PB 04 com arrefecimento da broca<\/strong><br \/>\n<strong>do ano. 2001<\/strong><\/p>\n<ul>\n<li>4 cabe\u00e7as de perfura\u00e7\u00e3o (opcionalmente expans\u00edveis at\u00e9 6)<\/li>\n<li>Altura m\u00e1xima de empilhamento. 50mm<\/li>\n<li>Profundidade de inser\u00e7\u00e3o 25mm atr\u00e1s das brocas<\/li>\n<li>Tamanho da mesa deslizante antes da perfura\u00e7\u00e3o 300mm<\/li>\n<li>Largura da mesa deslizante 450 mm<\/li>\n<li>Di\u00e2metro do furo 3 &#8211; 14 mm<\/li>\n<li>Espa\u00e7amento entre furos 31,7 a 293 mm<\/li>\n<li>Espa\u00e7amento dos furos com a utiliza\u00e7\u00e3o da mesa deslizante 1mm a<\/li>\n<li>Compensa\u00e7\u00e3o simples do comprimento da broca<\/li>\n<li>Espa\u00e7o necess\u00e1rio L 770 x P 760 x A 1350 mm<\/li>\n<li>275 kg<\/li>\n<\/ul>\n","protected":false},"excerpt":{"rendered":"<p>M\u00e1quina de perfura\u00e7\u00e3o de papel de 4 eixos D\u00fcrselen PB 04 com arrefecimento da broca do ano. 2001 4 cabe\u00e7as de perfura\u00e7\u00e3o (opcionalmente expans\u00edveis at\u00e9 6) Altura m\u00e1xima de empilhamento. 50mm Profundidade de inser\u00e7\u00e3o 25mm atr\u00e1s das brocas Tamanho da mesa deslizante antes da perfura\u00e7\u00e3o 300mm Largura da mesa deslizante 450 mm Di\u00e2metro do furo [&hellip;]<\/p>\n","protected":false},"featured_media":84454,"template":"","meta":[],"product_brand":[],"product_cat":[2958],"product_tag":[],"class_list":{"0":"post-92244","1":"product","2":"type-product","3":"status-publish","4":"has-post-thumbnail","6":"product_cat-brocas-de-papel","7":"pa_baujahr-130","8":"pa_hersteller-duerselen","9":"pa_typ-corta-pb-04","11":"first","12":"instock","13":"sold-individually","14":"taxable","15":"shipping-taxable","16":"purchasable","17":"product-type-simple"},"jetpack_sharing_enabled":true,"_links":{"self":[{"href":"https:\/\/www.3p-gmbh.de\/pt-br\/wp-json\/wp\/v2\/product\/92244","targetHints":{"allow":["GET"]}}],"collection":[{"href":"https:\/\/www.3p-gmbh.de\/pt-br\/wp-json\/wp\/v2\/product"}],"about":[{"href":"https:\/\/www.3p-gmbh.de\/pt-br\/wp-json\/wp\/v2\/types\/product"}],"wp:featuredmedia":[{"embeddable":true,"href":"https:\/\/www.3p-gmbh.de\/pt-br\/wp-json\/wp\/v2\/media\/84454"}],"wp:attachment":[{"href":"https:\/\/www.3p-gmbh.de\/pt-br\/wp-json\/wp\/v2\/media?parent=92244"}],"wp:term":[{"taxonomy":"product_brand","embeddable":true,"href":"https:\/\/www.3p-gmbh.de\/pt-br\/wp-json\/wp\/v2\/product_brand?post=92244"},{"taxonomy":"product_cat","embeddable":true,"href":"https:\/\/www.3p-gmbh.de\/pt-br\/wp-json\/wp\/v2\/product_cat?post=92244"},{"taxonomy":"product_tag","embeddable":true,"href":"https:\/\/www.3p-gmbh.de\/pt-br\/wp-json\/wp\/v2\/product_tag?post=92244"}],"curies":[{"name":"wp","href":"https:\/\/api.w.org\/{rel}","templated":true}]}}