{"id":92227,"date":"2019-07-11T13:57:16","date_gmt":"2019-07-11T13:57:16","guid":{"rendered":"https:\/\/www.3p-gmbh.de\/produkt\/constantin-hang-lok-103-automatico-maquina-de-lubrificacao\/"},"modified":"2019-07-11T13:57:16","modified_gmt":"2019-07-11T13:57:16","slug":"maquina-automatica-de-oes","status":"publish","type":"product","link":"https:\/\/www.3p-gmbh.de\/pt-br\/produkt\/maquina-automatica-de-oes\/","title":{"rendered":"Constantin Hang LOK-103 autom\u00e1tico. M\u00e1quina de lubrifica\u00e7\u00e3o"},"content":{"rendered":"<p>A m\u00e1quina \u00e9 utilizada para inserir ilh\u00f3s em material pr\u00e9-perfurado, como cart\u00e3o, papel\u00e3o, pl\u00e1stico, etc.<\/p>\n<ul>\n<li>com acionamento por motor de trav\u00e3o sem manuten\u00e7\u00e3o<\/li>\n<li>Alimenta\u00e7\u00e3o autom\u00e1tica de ilh\u00f3s para a ferramenta superior<\/li>\n<li>A press\u00e3o dos ilh\u00f3s pode ser ajustada de acordo com a espessura do material<\/li>\n<li>A m\u00e1quina pode ser convertida para outro tamanho de ilh\u00f3s em poucos minutos (op\u00e7\u00e3o)<\/li>\n<li>Acionado por interrutor el\u00e9trico de p\u00e9<\/li>\n<\/ul>\n","protected":false},"excerpt":{"rendered":"<p>A m\u00e1quina \u00e9 utilizada para inserir ilh\u00f3s em material pr\u00e9-perfurado, como cart\u00e3o, papel\u00e3o, pl\u00e1stico, etc. com acionamento por motor de trav\u00e3o sem manuten\u00e7\u00e3o Alimenta\u00e7\u00e3o autom\u00e1tica de ilh\u00f3s para a ferramenta superior A press\u00e3o dos ilh\u00f3s pode ser ajustada de acordo com a espessura do material A m\u00e1quina pode ser convertida para outro tamanho de ilh\u00f3s [&hellip;]<\/p>\n","protected":false},"featured_media":67959,"template":"","meta":[],"product_brand":[],"product_cat":[3055],"product_tag":[],"class_list":{"0":"post-92227","1":"product","2":"type-product","3":"status-publish","4":"has-post-thumbnail","6":"product_cat-maquinas-de-lubrificacao","7":"pa_hersteller-constantin-hang","8":"pa_typ-lok-103","10":"first","11":"instock","12":"sold-individually","13":"taxable","14":"shipping-taxable","15":"purchasable","16":"product-type-simple"},"jetpack_sharing_enabled":true,"_links":{"self":[{"href":"https:\/\/www.3p-gmbh.de\/pt-br\/wp-json\/wp\/v2\/product\/92227","targetHints":{"allow":["GET"]}}],"collection":[{"href":"https:\/\/www.3p-gmbh.de\/pt-br\/wp-json\/wp\/v2\/product"}],"about":[{"href":"https:\/\/www.3p-gmbh.de\/pt-br\/wp-json\/wp\/v2\/types\/product"}],"wp:featuredmedia":[{"embeddable":true,"href":"https:\/\/www.3p-gmbh.de\/pt-br\/wp-json\/wp\/v2\/media\/67959"}],"wp:attachment":[{"href":"https:\/\/www.3p-gmbh.de\/pt-br\/wp-json\/wp\/v2\/media?parent=92227"}],"wp:term":[{"taxonomy":"product_brand","embeddable":true,"href":"https:\/\/www.3p-gmbh.de\/pt-br\/wp-json\/wp\/v2\/product_brand?post=92227"},{"taxonomy":"product_cat","embeddable":true,"href":"https:\/\/www.3p-gmbh.de\/pt-br\/wp-json\/wp\/v2\/product_cat?post=92227"},{"taxonomy":"product_tag","embeddable":true,"href":"https:\/\/www.3p-gmbh.de\/pt-br\/wp-json\/wp\/v2\/product_tag?post=92227"}],"curies":[{"name":"wp","href":"https:\/\/api.w.org\/{rel}","templated":true}]}}