{"id":92221,"date":"2019-07-11T13:57:16","date_gmt":"2019-07-11T13:57:16","guid":{"rendered":"https:\/\/www.3p-gmbh.de\/produkt\/horizon-bq-470-quatro-pincas-de-cola-quente\/"},"modified":"2019-07-11T13:57:16","modified_gmt":"2019-07-11T13:57:16","slug":"aglutinante-de-adesivo-termofusivel-de-quatro-pincas","status":"publish","type":"product","link":"https:\/\/www.3p-gmbh.de\/pt-br\/produkt\/aglutinante-de-adesivo-termofusivel-de-quatro-pincas\/","title":{"rendered":"Horizon BQ 470 Quatro pin\u00e7as de cola quente"},"content":{"rendered":"<ul>\n<li>Cola tipo EVA (termofus\u00edvel) com tambor de fus\u00e3o de 20 kg<\/li>\n<li>Tocar e trabalhar com mem\u00f3ria de trabalho 100 posi\u00e7\u00f5es de mem\u00f3ria<\/li>\n<li>Colagem lateral<\/li>\n<li>Vinco de 4 dobras<\/li>\n<li>Exaustor incl. Extra\u00e7\u00e3o de chips<\/li>\n<li>Largura do bloco de livros: m\u00edn. 105 mm, m\u00e1x. 320 mm<\/li>\n<li>Altura do bloco de livros: min. 145 mm, m\u00e1x. 320 mm<\/li>\n<li>Espessura do dorso: 2-50 mm<\/li>\n<li>Formato da capa: min. 225 x 135 mm, m\u00e1x. 660 x 320 mm<\/li>\n<li>Espessura da capa: 80-350 g\/m\u00b2<\/li>\n<li>Pot\u00eancia: m\u00e1x. 1000 ciclos\/ h<\/li>\n<\/ul>\n","protected":false},"excerpt":{"rendered":"<p>Cola tipo EVA (termofus\u00edvel) com tambor de fus\u00e3o de 20 kg Tocar e trabalhar com mem\u00f3ria de trabalho 100 posi\u00e7\u00f5es de mem\u00f3ria Colagem lateral Vinco de 4 dobras Exaustor incl. Extra\u00e7\u00e3o de chips Largura do bloco de livros: m\u00edn. 105 mm, m\u00e1x. 320 mm Altura do bloco de livros: min. 145 mm, m\u00e1x. 320 mm [&hellip;]<\/p>\n","protected":false},"featured_media":70962,"template":"","meta":[],"product_brand":[],"product_cat":[2952],"product_tag":[],"class_list":{"0":"post-92221","1":"product","2":"type-product","3":"status-publish","4":"has-post-thumbnail","6":"product_cat-aglutinante-adesivo","7":"pa_baujahr-143","8":"pa_hersteller-horizon","9":"pa_typ-bq-470-eva","11":"first","12":"instock","13":"sold-individually","14":"taxable","15":"shipping-taxable","16":"purchasable","17":"product-type-simple"},"jetpack_sharing_enabled":true,"_links":{"self":[{"href":"https:\/\/www.3p-gmbh.de\/pt-br\/wp-json\/wp\/v2\/product\/92221","targetHints":{"allow":["GET"]}}],"collection":[{"href":"https:\/\/www.3p-gmbh.de\/pt-br\/wp-json\/wp\/v2\/product"}],"about":[{"href":"https:\/\/www.3p-gmbh.de\/pt-br\/wp-json\/wp\/v2\/types\/product"}],"wp:featuredmedia":[{"embeddable":true,"href":"https:\/\/www.3p-gmbh.de\/pt-br\/wp-json\/wp\/v2\/media\/70962"}],"wp:attachment":[{"href":"https:\/\/www.3p-gmbh.de\/pt-br\/wp-json\/wp\/v2\/media?parent=92221"}],"wp:term":[{"taxonomy":"product_brand","embeddable":true,"href":"https:\/\/www.3p-gmbh.de\/pt-br\/wp-json\/wp\/v2\/product_brand?post=92221"},{"taxonomy":"product_cat","embeddable":true,"href":"https:\/\/www.3p-gmbh.de\/pt-br\/wp-json\/wp\/v2\/product_cat?post=92221"},{"taxonomy":"product_tag","embeddable":true,"href":"https:\/\/www.3p-gmbh.de\/pt-br\/wp-json\/wp\/v2\/product_tag?post=92221"}],"curies":[{"name":"wp","href":"https:\/\/api.w.org\/{rel}","templated":true}]}}