{"id":92212,"date":"2019-07-11T13:57:16","date_gmt":"2019-07-11T13:57:16","guid":{"rendered":"https:\/\/www.3p-gmbh.de\/produkt\/muero-4-x-5000-a-3-wt-maquina-de-colagem-de-blocos-revisto-em-estado-impecavel\/"},"modified":"2019-07-11T13:57:16","modified_gmt":"2019-07-11T13:57:16","slug":"maquina-de-colagem-de-blocos-2","status":"publish","type":"product","link":"https:\/\/www.3p-gmbh.de\/pt-br\/produkt\/maquina-de-colagem-de-blocos-2\/","title":{"rendered":"M\u00fcro 4 x 5000 A 3 WT m\u00e1quina de colagem de blocos &#8211; revisto em estado impec\u00e1vel"},"content":{"rendered":"<p><strong>M\u00e1quina de colagem de blocos M\u00fcro 4 x 5000 A3 WT 2<\/strong><br \/>\n<strong>em \u00f3timo estado<\/strong><\/p>\n<p>para a produ\u00e7\u00e3o em massa de conjuntos de formul\u00e1rios, brochuras, cat\u00e1logos, cart\u00f5es de pesagem, calend\u00e1rios,<br \/>\nBlocos de notas em blocos, blocos de emerg\u00eancia, blocos de recibos, blocos de notas e cubos de notas.<\/p>\n<p>4 prensas com uma altura de empilhamento de 50 cm cada sobre uma placa de base rotativa, o que permite uma grande capacidade de recolha e um funcionamento cont\u00ednuo.<br \/>\nEmpilhamento preciso e r\u00e1pido em posi\u00e7\u00e3o inclinada das prensas.<br \/>\nSecagem r\u00e1pida com 2 sopradores de ar quente. Enquanto uma prensa est\u00e1 a ser carregada, o material de encaderna\u00e7\u00e3o j\u00e1 est\u00e1 a secar e a arrefecer nas outras prensas.<\/p>\n<p>Press\u00e3o de prensagem vari\u00e1vel &#8211; importante para a colagem auto-separadora de conjuntos de formul\u00e1rios, bem como para a fresagem de ranhuras de brochuras e cart\u00f5es de pesagem<\/p>\n<p>Altura de empilhamento: 52,5cm<br \/>\nLargura da prensa: 52,5 cm<br \/>\nProfundidade da prensa: 32 cm<br \/>\nEspa\u00e7o necess\u00e1rio em a\u00e7\u00e3o: 1,8 x 1,8 m<br \/>\nPeso: aprox. 102 kg<br \/>\nCarga ligada: 230 V, 1100\/2150 W<\/p>\n<p><strong>1 esta\u00e7\u00e3o de secagem de ar quente com 2 ventiladores WT com ar frio, 1100 W e 2150 W<\/strong><br \/>\n<strong>1 deflector de calor para uma secagem uniforme<\/strong><\/p>\n","protected":false},"excerpt":{"rendered":"<p>M\u00e1quina de colagem de blocos M\u00fcro 4 x 5000 A3 WT 2 em \u00f3timo estado para a produ\u00e7\u00e3o em massa de conjuntos de formul\u00e1rios, brochuras, cat\u00e1logos, cart\u00f5es de pesagem, calend\u00e1rios, Blocos de notas em blocos, blocos de emerg\u00eancia, blocos de recibos, blocos de notas e cubos de notas. 4 prensas com uma altura de empilhamento [&hellip;]<\/p>\n","protected":false},"featured_media":80720,"template":"","meta":[],"product_brand":[],"product_cat":[2892],"product_tag":[],"class_list":{"0":"post-92212","1":"product","2":"type-product","3":"status-publish","4":"has-post-thumbnail","6":"product_cat-encadernacao-de-sortido","7":"pa_baujahr-140","8":"pa_hersteller-muero","9":"pa_typ-muero-4-x-5000-a-3-wt","11":"first","12":"instock","13":"sold-individually","14":"taxable","15":"shipping-taxable","16":"purchasable","17":"product-type-simple"},"jetpack_sharing_enabled":true,"_links":{"self":[{"href":"https:\/\/www.3p-gmbh.de\/pt-br\/wp-json\/wp\/v2\/product\/92212","targetHints":{"allow":["GET"]}}],"collection":[{"href":"https:\/\/www.3p-gmbh.de\/pt-br\/wp-json\/wp\/v2\/product"}],"about":[{"href":"https:\/\/www.3p-gmbh.de\/pt-br\/wp-json\/wp\/v2\/types\/product"}],"wp:featuredmedia":[{"embeddable":true,"href":"https:\/\/www.3p-gmbh.de\/pt-br\/wp-json\/wp\/v2\/media\/80720"}],"wp:attachment":[{"href":"https:\/\/www.3p-gmbh.de\/pt-br\/wp-json\/wp\/v2\/media?parent=92212"}],"wp:term":[{"taxonomy":"product_brand","embeddable":true,"href":"https:\/\/www.3p-gmbh.de\/pt-br\/wp-json\/wp\/v2\/product_brand?post=92212"},{"taxonomy":"product_cat","embeddable":true,"href":"https:\/\/www.3p-gmbh.de\/pt-br\/wp-json\/wp\/v2\/product_cat?post=92212"},{"taxonomy":"product_tag","embeddable":true,"href":"https:\/\/www.3p-gmbh.de\/pt-br\/wp-json\/wp\/v2\/product_tag?post=92212"}],"curies":[{"name":"wp","href":"https:\/\/api.w.org\/{rel}","templated":true}]}}